{"id":826,"date":"2025-10-23T10:40:54","date_gmt":"2025-10-23T10:40:54","guid":{"rendered":"https:\/\/swissfamilyrelations.com\/?page_id=826"},"modified":"2026-01-12T14:23:52","modified_gmt":"2026-01-12T14:23:52","slug":"login","status":"publish","type":"page","link":"https:\/\/swissfamilyrelations.com\/ru\/login\/","title":{"rendered":"\u0412\u0445\u043e\u0434 \u0432 \u0441\u0438\u0441\u0442\u0435\u043c\u0443"},"content":{"rendered":"<div data-elementor-type=\"wp-page\" data-elementor-id=\"826\" class=\"elementor elementor-826\" data-elementor-post-type=\"page\">\n\t\t\t\t<div class=\"elementor-element elementor-element-f2b931e e-con-full mrkt_root_container e-flex e-con e-parent\" data-id=\"f2b931e\" data-element_type=\"container\">\n\t\t<div class=\"elementor-element elementor-element-96e93fc e-con-full e-flex e-con e-child\" data-id=\"96e93fc\" data-element_type=\"container\">\n\t\t<div class=\"elementor-element elementor-element-18416cf e-con-full e-flex e-con e-child\" data-id=\"18416cf\" data-element_type=\"container\" data-settings=\"{&quot;background_background&quot;:&quot;gradient&quot;}\">\n\t\t\t\t<div class=\"elementor-element elementor-element-c417b29 elementor-widget elementor-widget-heading\" data-id=\"c417b29\" data-element_type=\"widget\" data-widget_type=\"heading.default\">\n\t\t\t\t\t<h2 class=\"elementor-heading-title elementor-size-default\">\u0414\u043e\u0441\u0442\u0443\u043f \u043a \u0448\u0432\u0435\u0439\u0446\u0430\u0440\u0441\u043a\u0438\u043c \u043a\u043b\u0443\u0431\u0430\u043c \u0441\u0435\u043c\u0435\u0439\u043d\u044b\u0445 \u0438\u043d\u0432\u0435\u0441\u0442\u043e\u0440\u043e\u0432<\/h2>\t\t\t\t<\/div>\n\t\t\t\t<\/div>\n\t\t<div class=\"elementor-element elementor-element-3f04edc e-con-full e-flex e-con e-child\" data-id=\"3f04edc\" data-element_type=\"container\">\n\t\t<div class=\"elementor-element elementor-element-8a44ef3 e-con-full e-flex e-con e-child\" data-id=\"8a44ef3\" data-element_type=\"container\" data-settings=\"{&quot;background_background&quot;:&quot;classic&quot;}\">\n\t\t<div class=\"elementor-element elementor-element-e600eae e-con-full e-flex e-con e-child\" data-id=\"e600eae\" data-element_type=\"container\">\n\t\t<div class=\"elementor-element elementor-element-14d8baf e-con-full e-flex e-con e-child\" data-id=\"14d8baf\" data-element_type=\"container\" data-settings=\"{&quot;background_background&quot;:&quot;classic&quot;}\">\n\t\t\t\t<div class=\"elementor-element elementor-element-16e8e5c elementor-widget elementor-widget-heading\" data-id=\"16e8e5c\" data-element_type=\"widget\" data-widget_type=\"heading.default\">\n\t\t\t\t\t<h2 class=\"elementor-heading-title elementor-size-default\">\u041a\u043e\u043c\u043f\u0430\u043d\u0438\u044f<\/h2>\t\t\t\t<\/div>\n\t\t\t\t<\/div>\n\t\t\t\t<div class=\"elementor-element elementor-element-16324e2 elementor-widget elementor-widget-text-editor\" data-id=\"16324e2\" data-element_type=\"widget\" data-widget_type=\"text-editor.default\">\n\t\t\t\t\t\t\t\t\t<p>\u0414\u043b\u044f \u043a\u043e\u043c\u043f\u0430\u043d\u0438\u0439, \u043a\u043e\u0442\u043e\u0440\u044b\u0435 \u0445\u043e\u0442\u044f\u0442 \u043d\u0435 \u0442\u043e\u043b\u044c\u043a\u043e \u0440\u0430\u0441\u0442\u0438, \u043d\u043e \u0438 \u0443\u0441\u0442\u043e\u0439\u0447\u0438\u0432\u043e \u043f\u043e\u0437\u0438\u0446\u0438\u043e\u043d\u0438\u0440\u043e\u0432\u0430\u0442\u044c \u0441\u0435\u0431\u044f. \u041e\u0442\u0440\u0430\u0441\u043b\u0435\u0432\u043e\u0439 \u043a\u043b\u0443\u0431 \u043e\u0431\u044a\u0435\u0434\u0438\u043d\u044f\u0435\u0442 \u043f\u0440\u0435\u0434\u043f\u0440\u0438\u043d\u0438\u043c\u0430\u0442\u0435\u043b\u0435\u0439, \u043d\u0430\u0432\u043e\u0434\u0438\u0442 \u043c\u043e\u0441\u0442\u044b \u043a \u043d\u043e\u0432\u044b\u043c \u0440\u044b\u043d\u043a\u0430\u043c \u0438 \u0441\u043e\u0437\u0434\u0430\u0435\u0442 \u0441\u0440\u0435\u0434\u0443, \u0432 \u043a\u043e\u0442\u043e\u0440\u043e\u0439 \u043e\u0431\u0449\u0430\u044f \u0441\u0438\u043b\u0430 \u043f\u0440\u0438\u0432\u043e\u0434\u0438\u0442 \u043a \u043d\u043e\u0432\u044b\u043c \u0432\u043e\u0437\u043c\u043e\u0436\u043d\u043e\u0441\u0442\u044f\u043c.<\/p>\t\t\t\t\t\t\t\t<\/div>\n\t\t\t\t<\/div>\n\t\t\t\t<div class=\"elementor-element elementor-element-6baa5cd elementor-align-justify elementor-widget elementor-widget-button\" data-id=\"6baa5cd\" data-element_type=\"widget\" data-widget_type=\"button.default\">\n\t\t\t\t\t\t\t\t\t\t<a class=\"elementor-button elementor-button-link elementor-size-sm\" href=\"https:\/\/swissfamilyclub.com\/login\/institutionelle\" target=\"_blank\">\n\t\t\t\t\t\t<span class=\"elementor-button-content-wrapper\">\n\t\t\t\t\t\t\t\t\t<span class=\"elementor-button-text\">\u0412\u0445\u043e\u0434 \u0432 \u041f\u0440\u043e\u043c\u044b\u0448\u043b\u0435\u043d\u043d\u044b\u0439 \u043a\u043b\u0443\u0431<\/span>\n\t\t\t\t\t<\/span>\n\t\t\t\t\t<\/a>\n\t\t\t\t\t\t\t\t<\/div>\n\t\t\t\t<\/div>\n\t\t<div class=\"elementor-element elementor-element-58eb714 e-con-full e-flex e-con e-child\" data-id=\"58eb714\" data-element_type=\"container\" data-settings=\"{&quot;background_background&quot;:&quot;classic&quot;}\">\n\t\t<div class=\"elementor-element elementor-element-c50dd74 e-con-full e-flex e-con e-child\" data-id=\"c50dd74\" data-element_type=\"container\">\n\t\t<div class=\"elementor-element elementor-element-5250099 e-con-full e-flex e-con e-child\" data-id=\"5250099\" data-element_type=\"container\" data-settings=\"{&quot;background_background&quot;:&quot;classic&quot;}\">\n\t\t\t\t<div class=\"elementor-element elementor-element-1d29151 elementor-widget elementor-widget-heading\" data-id=\"1d29151\" data-element_type=\"widget\" data-widget_type=\"heading.default\">\n\t\t\t\t\t<h2 class=\"elementor-heading-title elementor-size-default\">\u041a\u0432\u0430\u043b\u0438\u0444\u0438\u0446\u0438\u0440\u043e\u0432\u0430\u043d\u043d\u044b\u0439\n\u0418\u043d\u0432\u0435\u0441\u0442\u043e\u0440\u044b<\/h2>\t\t\t\t<\/div>\n\t\t\t\t<\/div>\n\t\t\t\t<div class=\"elementor-element elementor-element-19c5f4a elementor-widget elementor-widget-text-editor\" data-id=\"19c5f4a\" data-element_type=\"widget\" data-widget_type=\"text-editor.default\">\n\t\t\t\t\t\t\t\t\t<p>\u041a\u0440\u0443\u0433 \u0434\u043b\u044f \u0442\u0435\u0445, \u043a\u0442\u043e \u0438\u0449\u0435\u0442 \u0431\u043e\u043b\u044c\u0448\u0435, \u0447\u0435\u043c \u043f\u0440\u043e\u0441\u0442\u043e \u043a\u043e\u043d\u0442\u0430\u043a\u0442\u044b: \u0438\u0437\u0431\u0440\u0430\u043d\u043d\u044b\u0435 \u0441\u0432\u044f\u0437\u0438, \u0441\u0442\u0440\u0430\u0442\u0435\u0433\u0438\u0447\u0435\u0441\u043a\u0438\u0435 \u0437\u043d\u0430\u043d\u0438\u044f \u0438 \u0441\u0435\u0442\u044c, \u0432 \u043a\u043e\u0442\u043e\u0440\u043e\u0439 \u0434\u043e\u0432\u0435\u0440\u0438\u0435 \u043f\u0440\u0435\u0432\u044b\u0448\u0435 \u0432\u0441\u0435\u0433\u043e. \u0414\u043b\u044f \u0432\u0441\u0435\u0445, \u043a\u0442\u043e \u0445\u043e\u0447\u0435\u0442 \u0440\u0430\u0441\u0442\u0438 \u0432\u043c\u0435\u0441\u0442\u0435 \u0438 \u0430\u043a\u0442\u0438\u0432\u043d\u043e \u0444\u043e\u0440\u043c\u0438\u0440\u043e\u0432\u0430\u0442\u044c \u0431\u0443\u0434\u0443\u0449\u0435\u0435.<\/p>\t\t\t\t\t\t\t\t<\/div>\n\t\t\t\t<\/div>\n\t\t\t\t<div class=\"elementor-element elementor-element-5df1add elementor-align-justify elementor-widget elementor-widget-button\" data-id=\"5df1add\" data-element_type=\"widget\" data-widget_type=\"button.default\">\n\t\t\t\t\t\t\t\t\t\t<a class=\"elementor-button elementor-button-link elementor-size-sm\" href=\"https:\/\/swissfamilyclub.com\/login\/qualifizierte-mitglieder\" target=\"_blank\">\n\t\t\t\t\t\t<span class=\"elementor-button-content-wrapper\">\n\t\t\t\t\t\t\t\t\t<span class=\"elementor-button-text\">\u0412\u0445\u043e\u0434 \u0434\u043b\u044f \u043a\u0432\u0430\u043b\u0438\u0444\u0438\u0446\u0438\u0440\u043e\u0432\u0430\u043d\u043d\u044b\u0445 \u0438\u043d\u0432\u0435\u0441\u0442\u043e\u0440\u043e\u0432<\/span>\n\t\t\t\t\t<\/span>\n\t\t\t\t\t<\/a>\n\t\t\t\t\t\t\t\t<\/div>\n\t\t\t\t<\/div>\n\t\t<div class=\"elementor-element elementor-element-6e8a108 e-con-full e-flex e-con e-child\" data-id=\"6e8a108\" data-element_type=\"container\" data-settings=\"{&quot;background_background&quot;:&quot;classic&quot;}\">\n\t\t<div class=\"elementor-element elementor-element-8c4ab7b e-con-full e-flex e-con e-child\" data-id=\"8c4ab7b\" data-element_type=\"container\">\n\t\t<div class=\"elementor-element elementor-element-08f1f7d e-con-full e-flex e-con e-child\" data-id=\"08f1f7d\" data-element_type=\"container\" data-settings=\"{&quot;background_background&quot;:&quot;classic&quot;}\">\n\t\t\t\t<div class=\"elementor-element elementor-element-bac5827 elementor-widget elementor-widget-heading\" data-id=\"bac5827\" data-element_type=\"widget\" data-widget_type=\"heading.default\">\n\t\t\t\t\t<h2 class=\"elementor-heading-title elementor-size-default\">\u0418\u043d\u0441\u0442\u0438\u0442\u0443\u0446\u0438\u043e\u043d\u0430\u043b\u044c\u043d\u044b\u0439\n\u0418\u043d\u0432\u0435\u0441\u0442\u043e\u0440\u044b<\/h2>\t\t\t\t<\/div>\n\t\t\t\t<\/div>\n\t\t\t\t<div class=\"elementor-element elementor-element-ad5e1a3 elementor-widget elementor-widget-text-editor\" data-id=\"ad5e1a3\" data-element_type=\"widget\" data-widget_type=\"text-editor.default\">\n\t\t\t\t\t\t\t\t\t<p>\u0414\u043b\u044f \u0438\u043d\u0441\u0442\u0438\u0442\u0443\u0446\u0438\u043e\u043d\u0430\u043b\u044c\u043d\u044b\u0445 \u0438\u043d\u0432\u0435\u0441\u0442\u043e\u0440\u043e\u0432, \u043f\u0435\u043d\u0441\u0438\u043e\u043d\u043d\u044b\u0445 \u0444\u043e\u043d\u0434\u043e\u0432, \u0441\u0435\u043c\u0435\u0439\u043d\u044b\u0445 \u043e\u0444\u0438\u0441\u043e\u0432 \u0438 \u0444\u043e\u043d\u0434\u043e\u0432, \u043a\u043e\u0442\u043e\u0440\u044b\u0435 \u0445\u043e\u0442\u044f\u0442 \u043d\u0435 \u0442\u043e\u043b\u044c\u043a\u043e \u0443\u043f\u0440\u0430\u0432\u043b\u044f\u0442\u044c, \u043d\u043e \u0438 \u0430\u043a\u0442\u0438\u0432\u043d\u043e \u0444\u043e\u0440\u043c\u0438\u0440\u043e\u0432\u0430\u0442\u044c \u0431\u0443\u0434\u0443\u0449\u0435\u0435. \u0422\u0435, \u043a\u0442\u043e \u043c\u044b\u0441\u043b\u0438\u0442 \u043a\u0430\u0442\u0435\u0433\u043e\u0440\u0438\u044f\u043c\u0438 \u043f\u043e\u043a\u043e\u043b\u0435\u043d\u0438\u0439 \u0438 \u0438\u0449\u0435\u0442 \u0441\u0432\u044f\u0437\u0438 \u0441 \u0441\u0443\u0449\u043d\u043e\u0441\u0442\u044f\u043c\u0438, \u043d\u0430\u0439\u0434\u0443\u0442 \u0434\u043e\u0441\u0442\u0443\u043f \u043a \u0441\u0435\u0442\u0438, \u043a\u043e\u0442\u043e\u0440\u0430\u044f \u043f\u043e\u043c\u043e\u0436\u0435\u0442 \u0441\u043e\u0440\u0438\u0435\u043d\u0442\u0438\u0440\u043e\u0432\u0430\u0442\u044c\u0441\u044f \u0438 \u043e\u0442\u043a\u0440\u043e\u0435\u0442 \u043f\u0435\u0440\u0441\u043f\u0435\u043a\u0442\u0438\u0432\u044b.<\/p>\t\t\t\t\t\t\t\t<\/div>\n\t\t\t\t<\/div>\n\t\t\t\t<div class=\"elementor-element elementor-element-84ff0f2 elementor-align-justify elementor-widget elementor-widget-button\" data-id=\"84ff0f2\" data-element_type=\"widget\" data-widget_type=\"button.default\">\n\t\t\t\t\t\t\t\t\t\t<a class=\"elementor-button elementor-button-link elementor-size-sm\" href=\"https:\/\/swissfamilyclub.com\/login\/institutionelle\" target=\"_blank\">\n\t\t\t\t\t\t<span class=\"elementor-button-content-wrapper\">\n\t\t\t\t\t\t\t\t\t<span class=\"elementor-button-text\">\u0412\u0445\u043e\u0434 \u0434\u043b\u044f \u0438\u043d\u0441\u0442\u0438\u0442\u0443\u0446\u0438\u043e\u043d\u0430\u043b\u044c\u043d\u044b\u0445 \u043a\u043b\u0438\u0435\u043d\u0442\u043e\u0432 <\/span>\n\t\t\t\t\t<\/span>\n\t\t\t\t\t<\/a>\n\t\t\t\t\t\t\t\t<\/div>\n\t\t\t\t<\/div>\n\t\t\t\t<\/div>\n\t\t\t\t<div class=\"elementor-element elementor-element-c49187e elementor-widget elementor-widget-text-editor\" data-id=\"c49187e\" data-element_type=\"widget\" data-widget_type=\"text-editor.default\">\n\t\t\t\t\t\t\t\t\t<p>\u0415\u0449\u0435 \u043d\u0435 \u044f\u0432\u043b\u044f\u0435\u0442\u0435\u0441\u044c \u0447\u043b\u0435\u043d\u043e\u043c \u043a\u043b\u0443\u0431\u0430? \u041d\u0430\u0447\u043d\u0438\u0442\u0435 \u043f\u0440\u0435\u0434\u043a\u0432\u0430\u043b\u0438\u0444\u0438\u043a\u0430\u0446\u0438\u044e \u043f\u0440\u044f\u043c\u043e \u0441\u0435\u0439\u0447\u0430\u0441<\/p>\t\t\t\t\t\t\t\t<\/div>\n\t\t\t\t<div class=\"elementor-element elementor-element-b82501a elementor-align-justify elementor-widget elementor-widget-button\" data-id=\"b82501a\" data-element_type=\"widget\" data-widget_type=\"button.default\">\n\t\t\t\t\t\t\t\t\t\t<a class=\"elementor-button elementor-button-link elementor-size-sm\" href=\"https:\/\/swissfamilyclub.com\/vorqualifizierung\" target=\"_blank\">\n\t\t\t\t\t\t<span class=\"elementor-button-content-wrapper\">\n\t\t\t\t\t\t\t\t\t<span class=\"elementor-button-text\">\u041d\u0430\u0447\u043d\u0438\u0442\u0435 \u043f\u0440\u0435\u0434\u043a\u0432\u0430\u043b\u0438\u0444\u0438\u043a\u0430\u0446\u0438\u044e<\/span>\n\t\t\t\t\t<\/span>\n\t\t\t\t\t<\/a>\n\t\t\t\t\t\t\t\t<\/div>\n\t\t\t\t<\/div>\n\t\t<div class=\"elementor-element elementor-element-1173ee8 e-con-full e-flex e-con e-child\" data-id=\"1173ee8\" data-element_type=\"container\" data-settings=\"{&quot;position&quot;:&quot;absolute&quot;}\">\n\t\t<div class=\"elementor-element elementor-element-5315829 e-con-full liquid-glass e-flex e-con e-child\" data-id=\"5315829\" data-element_type=\"container\" data-settings=\"{&quot;background_background&quot;:&quot;classic&quot;}\">\n\t\t<div class=\"elementor-element elementor-element-2d8e06d liquid-glass--bend e-con-full e-flex e-con e-child\" data-id=\"2d8e06d\" data-element_type=\"container\" data-settings=\"{&quot;position&quot;:&quot;absolute&quot;}\">\n\t\t\t\t<\/div>\n\t\t<div class=\"elementor-element elementor-element-5712a65 liquid-glass--face e-con-full e-flex e-con e-child\" data-id=\"5712a65\" data-element_type=\"container\" data-settings=\"{&quot;position&quot;:&quot;absolute&quot;}\">\n\t\t\t\t<\/div>\n\t\t<div class=\"elementor-element elementor-element-427aea7 liquid-glass--edge e-con-full e-flex e-con e-child\" data-id=\"427aea7\" data-element_type=\"container\" data-settings=\"{&quot;position&quot;:&quot;absolute&quot;}\">\n\t\t\t\t<\/div>\n\t\t\t\t<\/div>\n\t\t<div class=\"elementor-element elementor-element-402b50a e-con-full e-flex e-con e-child\" data-id=\"402b50a\" data-element_type=\"container\" data-settings=\"{&quot;background_background&quot;:&quot;classic&quot;}\">\n\t\t\t\t<\/div>\n\t\t\t\t<\/div>\n\t\t\t\t<\/div>\n\t\t\t\t<\/div>","protected":false},"excerpt":{"rendered":"<p>Zugang zu den Swiss Family Investors Clubs Unternehmen F\u00fcr Unternehmen, die nicht nur wachsen, sondern sich nachhaltig positionieren wollen. Der Industries Club verbindet Unternehmer, baut Br\u00fccken in neue M\u00e4rkte und schafft ein Umfeld, in dem gemeinsame St\u00e4rke zu neuen M\u00f6glichkeiten f\u00fchrt. Zum Login f\u00fcr den Industries Club Qualifizierte Investoren Ein Kreis f\u00fcr Pers\u00f6nlichkeiten, die mehr [&hellip;]<\/p>\n","protected":false},"author":1,"featured_media":0,"parent":0,"menu_order":0,"comment_status":"closed","ping_status":"closed","template":"","meta":{"iawp_total_views":148,"footnotes":""},"class_list":["post-826","page","type-page","status-publish","hentry"],"yoast_head":"<!-- This site is optimized with the Yoast SEO plugin v25.9 - https:\/\/yoast.com\/wordpress\/plugins\/seo\/ -->\n<title>Login - Swiss Family Relations<\/title>\n<meta name=\"robots\" content=\"index, follow, max-snippet:-1, max-image-preview:large, max-video-preview:-1\" \/>\n<link rel=\"canonical\" href=\"https:\/\/swissfamilyrelations.com\/ru\/login\/\" \/>\n<meta property=\"og:locale\" content=\"ru_RU\" \/>\n<meta property=\"og:type\" content=\"article\" \/>\n<meta property=\"og:title\" content=\"Login - Swiss Family Relations\" \/>\n<meta property=\"og:description\" content=\"Zugang zu den Swiss Family Investors Clubs Unternehmen F\u00fcr Unternehmen, die nicht nur wachsen, sondern sich nachhaltig positionieren wollen. Der Industries Club verbindet Unternehmer, baut Br\u00fccken in neue M\u00e4rkte und schafft ein Umfeld, in dem gemeinsame St\u00e4rke zu neuen M\u00f6glichkeiten f\u00fchrt. Zum Login f\u00fcr den Industries Club Qualifizierte Investoren Ein Kreis f\u00fcr Pers\u00f6nlichkeiten, die mehr [&hellip;]\" \/>\n<meta property=\"og:url\" content=\"https:\/\/swissfamilyrelations.com\/ru\/login\/\" \/>\n<meta property=\"og:site_name\" content=\"Swiss Family Relations\" \/>\n<meta property=\"article:modified_time\" content=\"2026-01-12T14:23:52+00:00\" \/>\n<meta name=\"twitter:card\" content=\"summary_large_image\" \/>\n<meta name=\"twitter:label1\" content=\"\u041f\u0440\u0438\u043c\u0435\u0440\u043d\u043e\u0435 \u0432\u0440\u0435\u043c\u044f \u0434\u043b\u044f \u0447\u0442\u0435\u043d\u0438\u044f\" \/>\n\t<meta name=\"twitter:data1\" content=\"1 \u043c\u0438\u043d\u0443\u0442\u0430\" \/>\n<script type=\"application\/ld+json\" class=\"yoast-schema-graph\">{\"@context\":\"https:\/\/schema.org\",\"@graph\":[{\"@type\":\"WebPage\",\"@id\":\"https:\/\/swissfamilyrelations.com\/login\/\",\"url\":\"https:\/\/swissfamilyrelations.com\/login\/\",\"name\":\"Login - Swiss Family Relations\",\"isPartOf\":{\"@id\":\"https:\/\/swissfamilyrelations.com\/#website\"},\"datePublished\":\"2025-10-23T10:40:54+00:00\",\"dateModified\":\"2026-01-12T14:23:52+00:00\",\"breadcrumb\":{\"@id\":\"https:\/\/swissfamilyrelations.com\/login\/#breadcrumb\"},\"inLanguage\":\"ru-RU\",\"potentialAction\":[{\"@type\":\"ReadAction\",\"target\":[\"https:\/\/swissfamilyrelations.com\/login\/\"]}]},{\"@type\":\"BreadcrumbList\",\"@id\":\"https:\/\/swissfamilyrelations.com\/login\/#breadcrumb\",\"itemListElement\":[{\"@type\":\"ListItem\",\"position\":1,\"name\":\"Startseite\",\"item\":\"https:\/\/swissfamilyrelations.com\/\"},{\"@type\":\"ListItem\",\"position\":2,\"name\":\"Login\"}]},{\"@type\":\"WebSite\",\"@id\":\"https:\/\/swissfamilyrelations.com\/#website\",\"url\":\"https:\/\/swissfamilyrelations.com\/\",\"name\":\"Swiss Family Relations\",\"description\":\"\",\"potentialAction\":[{\"@type\":\"SearchAction\",\"target\":{\"@type\":\"EntryPoint\",\"urlTemplate\":\"https:\/\/swissfamilyrelations.com\/?s={search_term_string}\"},\"query-input\":{\"@type\":\"PropertyValueSpecification\",\"valueRequired\":true,\"valueName\":\"search_term_string\"}}],\"inLanguage\":\"ru-RU\"}]}<\/script>\n<!-- \/ Yoast SEO plugin. -->","yoast_head_json":{"title":"Login - Swiss Family Relations","robots":{"index":"index","follow":"follow","max-snippet":"max-snippet:-1","max-image-preview":"max-image-preview:large","max-video-preview":"max-video-preview:-1"},"canonical":"https:\/\/swissfamilyrelations.com\/ru\/login\/","og_locale":"ru_RU","og_type":"article","og_title":"Login - Swiss Family Relations","og_description":"Zugang zu den Swiss Family Investors Clubs Unternehmen F\u00fcr Unternehmen, die nicht nur wachsen, sondern sich nachhaltig positionieren wollen. Der Industries Club verbindet Unternehmer, baut Br\u00fccken in neue M\u00e4rkte und schafft ein Umfeld, in dem gemeinsame St\u00e4rke zu neuen M\u00f6glichkeiten f\u00fchrt. Zum Login f\u00fcr den Industries Club Qualifizierte Investoren Ein Kreis f\u00fcr Pers\u00f6nlichkeiten, die mehr [&hellip;]","og_url":"https:\/\/swissfamilyrelations.com\/ru\/login\/","og_site_name":"Swiss Family Relations","article_modified_time":"2026-01-12T14:23:52+00:00","twitter_card":"summary_large_image","twitter_misc":{"\u041f\u0440\u0438\u043c\u0435\u0440\u043d\u043e\u0435 \u0432\u0440\u0435\u043c\u044f \u0434\u043b\u044f \u0447\u0442\u0435\u043d\u0438\u044f":"1 \u043c\u0438\u043d\u0443\u0442\u0430"},"schema":{"@context":"https:\/\/schema.org","@graph":[{"@type":"WebPage","@id":"https:\/\/swissfamilyrelations.com\/login\/","url":"https:\/\/swissfamilyrelations.com\/login\/","name":"Login - Swiss Family Relations","isPartOf":{"@id":"https:\/\/swissfamilyrelations.com\/#website"},"datePublished":"2025-10-23T10:40:54+00:00","dateModified":"2026-01-12T14:23:52+00:00","breadcrumb":{"@id":"https:\/\/swissfamilyrelations.com\/login\/#breadcrumb"},"inLanguage":"ru-RU","potentialAction":[{"@type":"ReadAction","target":["https:\/\/swissfamilyrelations.com\/login\/"]}]},{"@type":"BreadcrumbList","@id":"https:\/\/swissfamilyrelations.com\/login\/#breadcrumb","itemListElement":[{"@type":"ListItem","position":1,"name":"Startseite","item":"https:\/\/swissfamilyrelations.com\/"},{"@type":"ListItem","position":2,"name":"Login"}]},{"@type":"WebSite","@id":"https:\/\/swissfamilyrelations.com\/#website","url":"https:\/\/swissfamilyrelations.com\/","name":"\u0428\u0432\u0435\u0439\u0446\u0430\u0440\u0441\u043a\u0438\u0435 \u0441\u0435\u043c\u0435\u0439\u043d\u044b\u0435 \u043e\u0442\u043d\u043e\u0448\u0435\u043d\u0438\u044f","description":"","potentialAction":[{"@type":"SearchAction","target":{"@type":"EntryPoint","urlTemplate":"https:\/\/swissfamilyrelations.com\/?s={search_term_string}"},"query-input":{"@type":"PropertyValueSpecification","valueRequired":true,"valueName":"search_term_string"}}],"inLanguage":"ru-RU"}]}},"_links":{"self":[{"href":"https:\/\/swissfamilyrelations.com\/ru\/wp-json\/wp\/v2\/pages\/826","targetHints":{"allow":["GET"]}}],"collection":[{"href":"https:\/\/swissfamilyrelations.com\/ru\/wp-json\/wp\/v2\/pages"}],"about":[{"href":"https:\/\/swissfamilyrelations.com\/ru\/wp-json\/wp\/v2\/types\/page"}],"author":[{"embeddable":true,"href":"https:\/\/swissfamilyrelations.com\/ru\/wp-json\/wp\/v2\/users\/1"}],"replies":[{"embeddable":true,"href":"https:\/\/swissfamilyrelations.com\/ru\/wp-json\/wp\/v2\/comments?post=826"}],"version-history":[{"count":0,"href":"https:\/\/swissfamilyrelations.com\/ru\/wp-json\/wp\/v2\/pages\/826\/revisions"}],"wp:attachment":[{"href":"https:\/\/swissfamilyrelations.com\/ru\/wp-json\/wp\/v2\/media?parent=826"}],"curies":[{"name":"wp","href":"https:\/\/api.w.org\/{rel}","templated":true}]}}