{"id":949,"date":"2025-12-11T13:29:20","date_gmt":"2025-12-11T13:29:20","guid":{"rendered":"https:\/\/swissfamilyrelations.com\/cookie-richtlinie-eu\/"},"modified":"2025-12-11T13:55:04","modified_gmt":"2025-12-11T13:55:04","slug":"cookie-richtlinie-eu","status":"publish","type":"page","link":"https:\/\/swissfamilyrelations.com\/pt_pt\/cookie-richtlinie-eu\/","title":{"rendered":"Diretiva relativa aos cookies (UE)"},"content":{"rendered":"<div data-elementor-type=\"wp-page\" data-elementor-id=\"949\" class=\"elementor elementor-949\" data-elementor-post-type=\"page\">\n\t\t\t\t<div class=\"elementor-element elementor-element-58d5874 e-con-full e-flex e-con e-child\" data-id=\"58d5874\" data-element_type=\"container\" data-settings=\"{&quot;background_background&quot;:&quot;classic&quot;}\">\n\t\t<div class=\"elementor-element elementor-element-22c8595 e-con-full elementor-hidden-tablet elementor-hidden-mobile e-flex e-con e-child\" data-id=\"22c8595\" data-element_type=\"container\" data-settings=\"{&quot;background_background&quot;:&quot;classic&quot;,&quot;position&quot;:&quot;absolute&quot;}\">\n\t\t\t\t<\/div>\n\t\t<div class=\"elementor-element elementor-element-b978ed8 e-con-full e-flex e-con e-child\" data-id=\"b978ed8\" data-element_type=\"container\">\n\t\t\t\t<div class=\"elementor-element elementor-element-06058f3 elementor-widget elementor-widget-heading\" data-id=\"06058f3\" data-element_type=\"widget\" data-widget_type=\"heading.default\">\n\t\t\t\t\t<h1 class=\"elementor-heading-title elementor-size-default\">Diretiva relativa aos cookies (UE)<\/h1>\t\t\t\t<\/div>\n\t\t\t\t<div class=\"elementor-element elementor-element-db10f4c elementor-widget-divider--view-line elementor-widget elementor-widget-divider\" data-id=\"db10f4c\" data-element_type=\"widget\" data-widget_type=\"divider.default\">\n\t\t\t\t\t\t\t<div class=\"elementor-divider\">\n\t\t\t<span class=\"elementor-divider-separator\">\n\t\t\t\t\t\t<\/span>\n\t\t<\/div>\n\t\t\t\t\t\t<\/div>\n\t\t\t\t<\/div>\n\t\t\t\t<\/div>\n\t\t<div class=\"elementor-element elementor-element-a024326 e-con-full e-flex e-con e-parent\" data-id=\"a024326\" data-element_type=\"container\" data-settings=\"{&quot;background_background&quot;:&quot;classic&quot;}\">\n\t\t<div class=\"elementor-element elementor-element-6156c81 e-con-full e-flex e-con e-child\" data-id=\"6156c81\" data-element_type=\"container\" data-settings=\"{&quot;background_background&quot;:&quot;classic&quot;}\">\n\t\t\t\t<div class=\"elementor-element elementor-element-795111d2 elementor-widget elementor-widget-shortcode\" data-id=\"795111d2\" data-element_type=\"widget\" data-widget_type=\"shortcode.default\">\n\t\t\t\t\t\t\t<div class=\"elementor-shortcode\">\n<!-- Legal document generated by Complianz | GDPR\/CCPA Cookie Consent https:\/\/wordpress.org\/plugins\/complianz-gdpr -->\n<div id=\"cmplz-document\" class=\"cmplz-document cookie-statement cmplz-document-eu\"><p><i>Esta Pol\u00edtica de Cookies foi atualizada pela \u00faltima vez em Janeiro 12, 2026 e se aplica a cidad\u00e3os e residentes legais permanentes do Espa\u00e7o Econ\u00f3mico Europeu e Su\u00ed\u00e7a.<\/i><br><\/p><h2>1. introdu\u00e7\u00e3o<\/h2><p>O nosso s\u00edtio, <a href=\"https:\/\/swissfamilyrelations.com\/pt_pt\">https:\/\/swissfamilyrelations.com\/pt_pt<\/a> (doravante: \"o site\") utiliza cookies e outras tecnologias relacionadas (por conveni\u00eancia todas as tecnologias s\u00e3o referidas como \"cookies\"). Os cookies tamb\u00e9m s\u00e3o inseridos por terceiros que contratamos. No documento abaixo informamos sobre o uso de cookies em nosso site.<\/p><h2>2 O que s\u00e3o cookies?<\/h2><p>Um cookie \u00e9 um arquivo pequeno e simples que \u00e9 enviado junto com p\u00e1ginas deste site e armazenado pelo seu browser no disco r\u00edgido do seu computador ou outro dispositivo. As informa\u00e7\u00f5es armazenadas podem ser enviadas de volta aos nossos servidores ou aos servidores dos terceiros relevantes durante uma visita subsequente.<\/p><h2>3. o que s\u00e3o scripts?<\/h2><p>Um script \u00e9 uma parte de c\u00f3digo de programa usado para fazer o nosso site funcionar de forma adequada e interactiva. Este c\u00f3digo \u00e9 executado no nosso servidor ou no seu dispositivo.<\/p><h2>4. o que \u00e9 um web beacon?<\/h2><p>Um web beacon (ou uma tag pixel) \u00e9 um pequeno e invis\u00edvel texto ou imagem num site que \u00e9 usado para monitorizar o tr\u00e1fego num site. Para fazer isso, v\u00e1rios dados sobre si s\u00e3o armazenados utilizando web beacons.<\/p><h2>5. biscoitos<\/h2><p class=\"cmplz-subtitle\">5.1 Cookies t\u00e9cnicos ou funcionais<\/p><p>Alguns cookies garantem que certas partes do site funcionem corretamente e que as suas prefer\u00eancias de utilizador permane\u00e7am conhecidas. Ao inserir cookies funcionais, facilitamos a visita ao nosso site. Desta forma, n\u00e3o necessitamos de inserir repetidamente as mesmas informa\u00e7\u00f5es quando visita o nosso site e, por exemplo, guardamo-las no seu cesto de compras at\u00e9 concluir a compra. Podemos inserir esses cookies sem o seu consentimento.<\/p><p class=\"cmplz-subtitle\">5.2 Cookies de marketing\/rastreio<\/p><p>Cookies de marketing\/rastreio s\u00e3o cookies ou qualquer outra forma de armazenamento local, usados para criar perfis de utilizador para exibir publicidade ou para rastrear o utilizador neste site ou em v\u00e1rios sites para fins semelhantes de marketing .<\/p><h2>6. cookies inseridos<\/h2><div id=\"cmplz-cookies-overview\"><details class=\"cmplz-dropdown cmplz-service-desc cmplz-dropdown-cookiepolicy\">\n\t<summary class=\"cmplz-service-header\"><div>\n\t\t<h3>Elementor<\/h3>\n\t\t<p>Finalidade pendente de investiga\u00e7\u00e3o<\/p>\n\t\t<label for=\"cmplz_service_elementor\" class=\"cmplz_consent_per_service_label\"><span class=\"screen-reader-text\">Consentimento para o servi\u00e7o Elementor<\/span><\/label>\n\t\t<input type=\"checkbox\" id=\"cmplz_service_elementor\" class=\"cmplz-accept-service cmplz-hidden\" data-service=\"elementor\" data-category=\"functional\"><\/div>\n\t<\/summary>\n\t<div class=\"cmplz-service-description\">\n\t\t<h4>Utiliza\u00e7\u00e3o<\/h4>\n\t\t<p>Usamos Elementor para content creation. <a target=\"_blank\" rel=\"noopener noreferrer nofollow\" href=\"https:\/\/cookiedatabase.org\/service\/elementor\/\">Leia mais<\/a><\/p>\n\t<\/div>\n\t<div class=\"cmplz-sharing-data\">\n\t\t<h4>Partilha de dados<\/h4>\n\t\t<p>Esses dados n\u00e3o s\u00e3o partilhados com terceiros.<\/p>\n\t<\/div>\n\t<div class=\"cookies-per-purpose\">\n    <div class=\"purpose\"><h4>Finalidade pendente de investiga\u00e7\u00e3o<\/h4><\/div>\n    <div class=\"name-header\">\n\t<h5>Nome<\/h5>\n<\/div>\n<div class=\"name\"><a target=\"_blank\" rel=\"noopener noreferrer nofollow\" href=\"https:\/\/cookiedatabase.org\/cookie\/elementor\/elementor\/\">Elementor<\/a><\/div>\n<div class=\"retention-header\">\n\t<h5>Vencimento<\/h5>\n<\/div>\n<div class=\"retention\"><\/div>\n<div class=\"function-header\">\n\t<h5>Fun\u00e7\u00e3o<\/h5>\n<\/div>\n<div class=\"function\"><\/div>\n\n<\/div>\n<\/details>\n<details class=\"cmplz-dropdown cmplz-service-desc cmplz-dropdown-cookiepolicy\">\n\t<summary class=\"cmplz-service-header\"><div>\n\t\t<h3>WordPress<\/h3>\n\t\t<p>Finalidade pendente de investiga\u00e7\u00e3o<\/p>\n\t\t<label for=\"cmplz_service_wordpress\" class=\"cmplz_consent_per_service_label\"><span class=\"screen-reader-text\">Consentimento para servi\u00e7o wordpress<\/span><\/label>\n\t\t<input type=\"checkbox\" id=\"cmplz_service_wordpress\" class=\"cmplz-accept-service cmplz-hidden\" data-service=\"wordpress\" data-category=\"functional\"><\/div>\n\t<\/summary>\n\t<div class=\"cmplz-service-description\">\n\t\t<h4>Utiliza\u00e7\u00e3o<\/h4>\n\t\t<p>Usamos WordPress para website development. <a target=\"_blank\" rel=\"noopener noreferrer nofollow\" href=\"https:\/\/cookiedatabase.org\/service\/wordpress\/\">Leia mais<\/a><\/p>\n\t<\/div>\n\t<div class=\"cmplz-sharing-data\">\n\t\t<h4>Partilha de dados<\/h4>\n\t\t<p>Esses dados n\u00e3o s\u00e3o partilhados com terceiros.<\/p>\n\t<\/div>\n\t<div class=\"cookies-per-purpose\">\n    <div class=\"purpose\"><h4>Finalidade pendente de investiga\u00e7\u00e3o<\/h4><\/div>\n    <div class=\"name-header\">\n\t<h5>Nome<\/h5>\n<\/div>\n<div class=\"name\"><a target=\"_blank\" rel=\"noopener noreferrer nofollow\" href=\"https:\/\/cookiedatabase.org\/cookie\/wordpress\/wpemojisettingssupports\/\">wpEmojiSettingsSupports<\/a><\/div>\n<div class=\"retention-header\">\n\t<h5>Vencimento<\/h5>\n<\/div>\n<div class=\"retention\"><\/div>\n<div class=\"function-header\">\n\t<h5>Fun\u00e7\u00e3o<\/h5>\n<\/div>\n<div class=\"function\"><\/div>\n<div class=\"name-header\">\n\t<h5>Nome<\/h5>\n<\/div>\n<div class=\"name\"><a target=\"_blank\" rel=\"noopener noreferrer nofollow\" href=\"https:\/\/cookiedatabase.org\/cookie\/wordpress\/wordpress_test_cookie\/\">wordpress_test_cookie<\/a><\/div>\n<div class=\"retention-header\">\n\t<h5>Vencimento<\/h5>\n<\/div>\n<div class=\"retention\"><\/div>\n<div class=\"function-header\">\n\t<h5>Fun\u00e7\u00e3o<\/h5>\n<\/div>\n<div class=\"function\"><\/div>\n<div class=\"name-header\">\n\t<h5>Nome<\/h5>\n<\/div>\n<div class=\"name\"><a target=\"_blank\" rel=\"noopener noreferrer nofollow\" href=\"https:\/\/cookiedatabase.org\/cookie\/wordpress\/wordpress_logged_in_\/\">wordpress_logged_in_*<\/a><\/div>\n<div class=\"retention-header\">\n\t<h5>Vencimento<\/h5>\n<\/div>\n<div class=\"retention\"><\/div>\n<div class=\"function-header\">\n\t<h5>Fun\u00e7\u00e3o<\/h5>\n<\/div>\n<div class=\"function\"><\/div>\n\n<\/div>\n<\/details>\n<details class=\"cmplz-dropdown cmplz-service-desc cmplz-dropdown-cookiepolicy\">\n\t<summary class=\"cmplz-service-header\"><div>\n\t\t<h3>WordPress<\/h3>\n\t\t<p>Finalidade pendente de investiga\u00e7\u00e3o<\/p>\n\t\t<label for=\"cmplz_service_wordpress\" class=\"cmplz_consent_per_service_label\"><span class=\"screen-reader-text\">Consentimento para servi\u00e7o wordpress<\/span><\/label>\n\t\t<input type=\"checkbox\" id=\"cmplz_service_wordpress\" class=\"cmplz-accept-service cmplz-hidden\" data-service=\"wordpress\" data-category=\"functional\"><\/div>\n\t<\/summary>\n\t<div class=\"cmplz-service-description\">\n\t\t<h4>Utiliza\u00e7\u00e3o<\/h4>\n\t\t<p><\/p>\n\t<\/div>\n\t<div class=\"cmplz-sharing-data\">\n\t\t<h4>Partilha de dados<\/h4>\n\t\t<p>Esses dados n\u00e3o s\u00e3o partilhados com terceiros.<\/p>\n\t<\/div>\n\t<div class=\"cookies-per-purpose\">\n    <div class=\"purpose\"><h4>Finalidade pendente de investiga\u00e7\u00e3o<\/h4><\/div>\n    <div class=\"name-header\">\n\t<h5>Nome<\/h5>\n<\/div>\n<div class=\"name\"><a target=\"_blank\" rel=\"noopener noreferrer nofollow\" href=\"https:\/\/cookiedatabase.org\/cookie\/unknown-service\/wp-settings-time\/\">wp-settings-time-*<\/a><\/div>\n<div class=\"retention-header\">\n\t<h5>Vencimento<\/h5>\n<\/div>\n<div class=\"retention\"><\/div>\n<div class=\"function-header\">\n\t<h5>Fun\u00e7\u00e3o<\/h5>\n<\/div>\n<div class=\"function\"><\/div>\n\n<\/div>\n<\/details>\n<details class=\"cmplz-dropdown cmplz-service-desc cmplz-dropdown-cookiepolicy\">\n\t<summary class=\"cmplz-service-header\"><div>\n\t\t<h3>Diversos<\/h3>\n\t\t<p>Finalidade pendente de investiga\u00e7\u00e3o<\/p>\n\t\t<label for=\"cmplz_service_diversos\" class=\"cmplz_consent_per_service_label\"><span class=\"screen-reader-text\">Consent to service diversos<\/span><\/label>\n\t\t<input type=\"checkbox\" id=\"cmplz_service_diversos\" class=\"cmplz-accept-service cmplz-hidden\" data-service=\"diversos\" data-category=\"functional\"><\/div>\n\t<\/summary>\n\t<div class=\"cmplz-service-description\">\n\t\t<h4>Utiliza\u00e7\u00e3o<\/h4>\n\t\t<p><\/p>\n\t<\/div>\n\t<div class=\"cmplz-sharing-data\">\n\t\t<h4>Partilha de dados<\/h4>\n\t\t<p>A partilha de dados est\u00e1 pendente de investiga\u00e7\u00e3o<\/p>\n\t<\/div>\n\t<div class=\"cookies-per-purpose\">\n    <div class=\"purpose\"><h4>Finalidade pendente de investiga\u00e7\u00e3o<\/h4><\/div>\n    <div class=\"name-header\">\n\t<h5>Nome<\/h5>\n<\/div>\n<div class=\"name\">e_kit-elementos-predefinidos<\/div>\n<div class=\"retention-header\">\n\t<h5>Vencimento<\/h5>\n<\/div>\n<div class=\"retention\"><\/div>\n<div class=\"function-header\">\n\t<h5>Fun\u00e7\u00e3o<\/h5>\n<\/div>\n<div class=\"function\"><\/div>\n<div class=\"name-header\">\n\t<h5>Nome<\/h5>\n<\/div>\n<div class=\"name\">mp_tab_id_mixpanel_150605b3b9f979922f2ac5a52e2dcfe9<\/div>\n<div class=\"retention-header\">\n\t<h5>Vencimento<\/h5>\n<\/div>\n<div class=\"retention\"><\/div>\n<div class=\"function-header\">\n\t<h5>Fun\u00e7\u00e3o<\/h5>\n<\/div>\n<div class=\"function\"><\/div>\n<div class=\"name-header\">\n\t<h5>Nome<\/h5>\n<\/div>\n<div class=\"name\">mp_gen_new_tab_id_mixpanel_150605b3b9f979922f2ac5a52e2dcfe9<\/div>\n<div class=\"retention-header\">\n\t<h5>Vencimento<\/h5>\n<\/div>\n<div class=\"retention\"><\/div>\n<div class=\"function-header\">\n\t<h5>Fun\u00e7\u00e3o<\/h5>\n<\/div>\n<div class=\"function\"><\/div>\n<div class=\"name-header\">\n\t<h5>Nome<\/h5>\n<\/div>\n<div class=\"name\">pt_PT<\/div>\n<div class=\"retention-header\">\n\t<h5>Vencimento<\/h5>\n<\/div>\n<div class=\"retention\"><\/div>\n<div class=\"function-header\">\n\t<h5>Fun\u00e7\u00e3o<\/h5>\n<\/div>\n<div class=\"function\"><\/div>\n\n<\/div>\n<\/details>\n<\/div><h2>7. consentimento<\/h2><p>Quando visitar o nosso site pela primeira vez, mostraremos uma janela com uma explica\u00e7\u00e3o sobre cookies. Ao clicar em \"Guardar\", est\u00e1 a autorizar-nos a utilizar as categorias de cookies e plug-ins selecionadas na pol\u00edtica de cookies. Pode desativar o uso de cookies atrav\u00e9s do seu navegador, mas observe que o nosso site pode n\u00e3o funcionar corretamente.<\/p><p class=\"cmplz-subtitle\">7.1 Fa\u00e7a a gest\u00e3o das suas configura\u00e7\u00f5es de consentimento<\/p><div id=\"cmplz-manage-consent-container-nojavascript\">Carregou a Pol\u00edtica de Cookies sem suporte para javascript.&nbsp;No AMP, pode usar o bot\u00e3o de gest\u00e3o de consentimento na parte inferior da p\u00e1gina.<\/div><div id=\"cmplz-manage-consent-container\" class=\"cmplz-manage-consent-container\"><\/div><h2>8. ativa\u00e7\u00e3o\/desativa\u00e7\u00e3o e exclus\u00e3o de cookies<\/h2><p>Pode usar o seu browser para excluir cookies automaticamente ou manualmente. Tamb\u00e9m pode especificar que certos cookies n\u00e3o podem ser colocados. Outra op\u00e7\u00e3o \u00e9 alterar a configura\u00e7\u00e3o do seu browser para que receba uma mensagem sempre que um cookie \u00e9 colocado. Para mais informa\u00e7\u00f5es sobre estas op\u00e7\u00f5es, consulte as instru\u00e7\u00f5es na sec\u00e7\u00e3o de defini\u00e7\u00f5es do browser.<\/p><p>Por favor note que o nosso site pode n\u00e3o funcionar corretamente se todos os cookies forem desativados. Se excluir os cookies do seu navegador, eles ser\u00e3o inseridos novamente ap\u00f3s o seu consentimento quando visitar os nossos sites outra vez.<\/p><h2>9 Os seus direitos em rela\u00e7\u00e3o aos dados pessoais<\/h2><p>Tem os seguintes direitos em rela\u00e7\u00e3o aos seus dados pessoais:<\/p><ul>\n                    <li>Tem o direito de saber por que seus dados pessoais s\u00e3o necess\u00e1rios, o que acontecer\u00e1 com eles e por quanto tempo eles ser\u00e3o retidos.<\/li>\n                    <li>Direito de acesso: Tem o direito de aceder aos seus dados pessoais que s\u00e3o conhecidos por n\u00f3s.<\/li>\n                    <li>Direito \u00e0 retifica\u00e7\u00e3o: tem o direito de complementar, corrigir, ter exclu\u00eddos ou bloqueados os seus dados pessoais sempre que desejar.<\/li>\n                    <li>Se nos der o seu consentimento para processar os seus dados, tem o direito de revogar esse consentimento e ter os seus dados pessoais exclu\u00eddos.<\/li>\n                    <li>Direito de transferir os seus dados: tem o direito de solicitar todos os seus dados pessoais do controlador e transferi-los em sua totalidade para outro controlador.<\/li>\n                    <li>Direito de objeto: pode rejeitar o processamento dos seus dados. N\u00f3s cumprimos isso, a menos que haja motivos justificados para o processamento.<\/li>\n                <\/ul><p>Para exercer esses direitos, entre em contacto connosco. Consulte os detalhes de contacto no final desta Pol\u00edtica de Cookies. Se tiver uma reclama\u00e7\u00e3o sobre como lidamos com os seus dados, gostar\u00edamos de ouvi-la, mas tamb\u00e9m tem o direito de enviar uma reclama\u00e7\u00e3o \u00e0 autoridade supervisora (a Autoridade de Prote\u00e7\u00e3o de Dados).<\/p><h2>10. detalhes de contacto<\/h2><p>Para perguntas e\/ou coment\u00e1rios sobre a nossa Pol\u00edtica de Cookies e esta declara\u00e7\u00e3o, entre em contacto connosco usando os seguintes detalhes de contacto:<\/p><p><span class=\"cmplz-contact-organisation\">Rela\u00e7\u00f5es familiares su\u00ed\u00e7as AG<\/span><br>\n                      <span class=\"cmplz-contact-address\">8032 Zurique<br \/>\nZeltweg 11<\/span><br>\n                      <span class=\"cmplz-contact-country\">Su\u00ed\u00e7a<\/span><br>\n                    S\u00edtio Web: <span class=\"cmplz-contact-domain\"><a href=\"https:\/\/swissfamilyrelations.com\/pt_pt\">https:\/\/swissfamilyrelations.com\/pt_pt<\/a><\/span><br>\n                    Correio eletr\u00f3nico: <span class=\"cmplz-contact-email\"><span class=\"cmplz-obfuscate\">info@<span class=\"cmplz-fmail-domain\">ex.c&#111;m<\/span>sw&#105;&#115;sf&#097;mily&#114;el&#097;t&#105;&#111;&#110;s.com<\/span><\/span><br>\n                    <span class=\"cmplz-contact-telephone\">Telefones: +41442561607<\/span><\/p><p>Esta Pol\u00edtica de Cookies foi sincronizada com <a href=\"https:\/\/cookiedatabase.org\/\" target=\"_blank\">cookiedatabase.org<\/a> em Abril 15, 2026.<\/p><\/div><\/div>\n\t\t\t\t\t\t<\/div>\n\t\t\t\t<\/div>\n\t\t\t\t<\/div>\n\t\t\t\t<\/div>","protected":false},"excerpt":{"rendered":"<p>Diretiva relativa aos cookies (UE)<\/p>","protected":false},"author":1,"featured_media":0,"parent":0,"menu_order":0,"comment_status":"closed","ping_status":"closed","template":"","meta":{"iawp_total_views":4,"footnotes":""},"class_list":["post-949","page","type-page","status-publish","hentry"],"yoast_head":"<!-- This site is optimized with the Yoast SEO plugin v25.9 - https:\/\/yoast.com\/wordpress\/plugins\/seo\/ -->\n<title>Cookie-Richtlinie (EU) - Swiss Family Relations<\/title>\n<meta name=\"robots\" content=\"index, follow, max-snippet:-1, max-image-preview:large, max-video-preview:-1\" \/>\n<link rel=\"canonical\" href=\"https:\/\/swissfamilyrelations.com\/pt_pt\/cookie-richtlinie-eu\/\" \/>\n<meta property=\"og:locale\" content=\"pt_PT\" \/>\n<meta property=\"og:type\" content=\"article\" \/>\n<meta property=\"og:title\" content=\"Cookie-Richtlinie (EU) - Swiss Family Relations\" \/>\n<meta property=\"og:description\" content=\"Cookie-Richtlinie (EU)\" \/>\n<meta property=\"og:url\" content=\"https:\/\/swissfamilyrelations.com\/pt_pt\/cookie-richtlinie-eu\/\" \/>\n<meta property=\"og:site_name\" content=\"Swiss Family Relations\" \/>\n<meta property=\"article:modified_time\" content=\"2025-12-11T13:55:04+00:00\" \/>\n<meta name=\"twitter:card\" content=\"summary_large_image\" \/>\n<meta name=\"twitter:label1\" content=\"Tempo estimado de leitura\" \/>\n\t<meta name=\"twitter:data1\" content=\"6 minutos\" \/>\n<script type=\"application\/ld+json\" class=\"yoast-schema-graph\">{\"@context\":\"https:\/\/schema.org\",\"@graph\":[{\"@type\":\"WebPage\",\"@id\":\"https:\/\/swissfamilyrelations.com\/cookie-richtlinie-eu\/\",\"url\":\"https:\/\/swissfamilyrelations.com\/cookie-richtlinie-eu\/\",\"name\":\"Cookie-Richtlinie (EU) - Swiss Family Relations\",\"isPartOf\":{\"@id\":\"https:\/\/swissfamilyrelations.com\/#website\"},\"datePublished\":\"2025-12-11T13:29:20+00:00\",\"dateModified\":\"2025-12-11T13:55:04+00:00\",\"breadcrumb\":{\"@id\":\"https:\/\/swissfamilyrelations.com\/cookie-richtlinie-eu\/#breadcrumb\"},\"inLanguage\":\"pt-PT\",\"potentialAction\":[{\"@type\":\"ReadAction\",\"target\":[\"https:\/\/swissfamilyrelations.com\/cookie-richtlinie-eu\/\"]}]},{\"@type\":\"BreadcrumbList\",\"@id\":\"https:\/\/swissfamilyrelations.com\/cookie-richtlinie-eu\/#breadcrumb\",\"itemListElement\":[{\"@type\":\"ListItem\",\"position\":1,\"name\":\"Startseite\",\"item\":\"https:\/\/swissfamilyrelations.com\/\"},{\"@type\":\"ListItem\",\"position\":2,\"name\":\"Cookie-Richtlinie (EU)\"}]},{\"@type\":\"WebSite\",\"@id\":\"https:\/\/swissfamilyrelations.com\/#website\",\"url\":\"https:\/\/swissfamilyrelations.com\/\",\"name\":\"Swiss Family Relations\",\"description\":\"\",\"potentialAction\":[{\"@type\":\"SearchAction\",\"target\":{\"@type\":\"EntryPoint\",\"urlTemplate\":\"https:\/\/swissfamilyrelations.com\/?s={search_term_string}\"},\"query-input\":{\"@type\":\"PropertyValueSpecification\",\"valueRequired\":true,\"valueName\":\"search_term_string\"}}],\"inLanguage\":\"pt-PT\"}]}<\/script>\n<!-- \/ Yoast SEO plugin. -->","yoast_head_json":{"title":"Cookie-Richtlinie (EU) - Swiss Family Relations","robots":{"index":"index","follow":"follow","max-snippet":"max-snippet:-1","max-image-preview":"max-image-preview:large","max-video-preview":"max-video-preview:-1"},"canonical":"https:\/\/swissfamilyrelations.com\/pt_pt\/cookie-richtlinie-eu\/","og_locale":"pt_PT","og_type":"article","og_title":"Cookie-Richtlinie (EU) - Swiss Family Relations","og_description":"Cookie-Richtlinie (EU)","og_url":"https:\/\/swissfamilyrelations.com\/pt_pt\/cookie-richtlinie-eu\/","og_site_name":"Swiss Family Relations","article_modified_time":"2025-12-11T13:55:04+00:00","twitter_card":"summary_large_image","twitter_misc":{"Tempo estimado de leitura":"6 minutos"},"schema":{"@context":"https:\/\/schema.org","@graph":[{"@type":"WebPage","@id":"https:\/\/swissfamilyrelations.com\/cookie-richtlinie-eu\/","url":"https:\/\/swissfamilyrelations.com\/cookie-richtlinie-eu\/","name":"Cookie-Richtlinie (EU) - Swiss Family Relations","isPartOf":{"@id":"https:\/\/swissfamilyrelations.com\/#website"},"datePublished":"2025-12-11T13:29:20+00:00","dateModified":"2025-12-11T13:55:04+00:00","breadcrumb":{"@id":"https:\/\/swissfamilyrelations.com\/cookie-richtlinie-eu\/#breadcrumb"},"inLanguage":"pt-PT","potentialAction":[{"@type":"ReadAction","target":["https:\/\/swissfamilyrelations.com\/cookie-richtlinie-eu\/"]}]},{"@type":"BreadcrumbList","@id":"https:\/\/swissfamilyrelations.com\/cookie-richtlinie-eu\/#breadcrumb","itemListElement":[{"@type":"ListItem","position":1,"name":"Startseite","item":"https:\/\/swissfamilyrelations.com\/"},{"@type":"ListItem","position":2,"name":"Cookie-Richtlinie (EU)"}]},{"@type":"WebSite","@id":"https:\/\/swissfamilyrelations.com\/#website","url":"https:\/\/swissfamilyrelations.com\/","name":"Rela\u00e7\u00f5es familiares su\u00ed\u00e7as","description":"","potentialAction":[{"@type":"SearchAction","target":{"@type":"EntryPoint","urlTemplate":"https:\/\/swissfamilyrelations.com\/?s={search_term_string}"},"query-input":{"@type":"PropertyValueSpecification","valueRequired":true,"valueName":"search_term_string"}}],"inLanguage":"pt-PT"}]}},"_links":{"self":[{"href":"https:\/\/swissfamilyrelations.com\/pt_pt\/wp-json\/wp\/v2\/pages\/949","targetHints":{"allow":["GET"]}}],"collection":[{"href":"https:\/\/swissfamilyrelations.com\/pt_pt\/wp-json\/wp\/v2\/pages"}],"about":[{"href":"https:\/\/swissfamilyrelations.com\/pt_pt\/wp-json\/wp\/v2\/types\/page"}],"author":[{"embeddable":true,"href":"https:\/\/swissfamilyrelations.com\/pt_pt\/wp-json\/wp\/v2\/users\/1"}],"replies":[{"embeddable":true,"href":"https:\/\/swissfamilyrelations.com\/pt_pt\/wp-json\/wp\/v2\/comments?post=949"}],"version-history":[{"count":0,"href":"https:\/\/swissfamilyrelations.com\/pt_pt\/wp-json\/wp\/v2\/pages\/949\/revisions"}],"wp:attachment":[{"href":"https:\/\/swissfamilyrelations.com\/pt_pt\/wp-json\/wp\/v2\/media?parent=949"}],"curies":[{"name":"wp","href":"https:\/\/api.w.org\/{rel}","templated":true}]}}