{"id":826,"date":"2025-10-23T10:40:54","date_gmt":"2025-10-23T10:40:54","guid":{"rendered":"https:\/\/swissfamilyrelations.com\/?page_id=826"},"modified":"2026-01-12T14:23:52","modified_gmt":"2026-01-12T14:23:52","slug":"login","status":"publish","type":"page","link":"https:\/\/swissfamilyrelations.com\/it\/login\/","title":{"rendered":"Accesso"},"content":{"rendered":"<div data-elementor-type=\"wp-page\" data-elementor-id=\"826\" class=\"elementor elementor-826\" data-elementor-post-type=\"page\">\n\t\t\t\t<div class=\"elementor-element elementor-element-f2b931e e-con-full mrkt_root_container e-flex e-con e-parent\" data-id=\"f2b931e\" data-element_type=\"container\">\n\t\t<div class=\"elementor-element elementor-element-96e93fc e-con-full e-flex e-con e-child\" data-id=\"96e93fc\" data-element_type=\"container\">\n\t\t<div class=\"elementor-element elementor-element-18416cf e-con-full e-flex e-con e-child\" data-id=\"18416cf\" data-element_type=\"container\" data-settings=\"{&quot;background_background&quot;:&quot;gradient&quot;}\">\n\t\t\t\t<div class=\"elementor-element elementor-element-c417b29 elementor-widget elementor-widget-heading\" data-id=\"c417b29\" data-element_type=\"widget\" data-widget_type=\"heading.default\">\n\t\t\t\t\t<h2 class=\"elementor-heading-title elementor-size-default\">Accesso ai Club svizzeri degli investitori familiari<\/h2>\t\t\t\t<\/div>\n\t\t\t\t<\/div>\n\t\t<div class=\"elementor-element elementor-element-3f04edc e-con-full e-flex e-con e-child\" data-id=\"3f04edc\" data-element_type=\"container\">\n\t\t<div class=\"elementor-element elementor-element-8a44ef3 e-con-full e-flex e-con e-child\" data-id=\"8a44ef3\" data-element_type=\"container\" data-settings=\"{&quot;background_background&quot;:&quot;classic&quot;}\">\n\t\t<div class=\"elementor-element elementor-element-e600eae e-con-full e-flex e-con e-child\" data-id=\"e600eae\" data-element_type=\"container\">\n\t\t<div class=\"elementor-element elementor-element-14d8baf e-con-full e-flex e-con e-child\" data-id=\"14d8baf\" data-element_type=\"container\" data-settings=\"{&quot;background_background&quot;:&quot;classic&quot;}\">\n\t\t\t\t<div class=\"elementor-element elementor-element-16e8e5c elementor-widget elementor-widget-heading\" data-id=\"16e8e5c\" data-element_type=\"widget\" data-widget_type=\"heading.default\">\n\t\t\t\t\t<h2 class=\"elementor-heading-title elementor-size-default\">L'azienda<\/h2>\t\t\t\t<\/div>\n\t\t\t\t<\/div>\n\t\t\t\t<div class=\"elementor-element elementor-element-16324e2 elementor-widget elementor-widget-text-editor\" data-id=\"16324e2\" data-element_type=\"widget\" data-widget_type=\"text-editor.default\">\n\t\t\t\t\t\t\t\t\t<p>Per le aziende che non solo vogliono crescere, ma anche posizionarsi in modo sostenibile. L'Industries Club mette in contatto gli imprenditori, getta ponti verso nuovi mercati e crea un ambiente in cui la forza condivisa porta a nuove opportunit\u00e0.<\/p>\t\t\t\t\t\t\t\t<\/div>\n\t\t\t\t<\/div>\n\t\t\t\t<div class=\"elementor-element elementor-element-6baa5cd elementor-align-justify elementor-widget elementor-widget-button\" data-id=\"6baa5cd\" data-element_type=\"widget\" data-widget_type=\"button.default\">\n\t\t\t\t\t\t\t\t\t\t<a class=\"elementor-button elementor-button-link elementor-size-sm\" href=\"https:\/\/swissfamilyclub.com\/login\/institutionelle\" target=\"_blank\">\n\t\t\t\t\t\t<span class=\"elementor-button-content-wrapper\">\n\t\t\t\t\t\t\t\t\t<span class=\"elementor-button-text\">Accesso al Club delle Industrie<\/span>\n\t\t\t\t\t<\/span>\n\t\t\t\t\t<\/a>\n\t\t\t\t\t\t\t\t<\/div>\n\t\t\t\t<\/div>\n\t\t<div class=\"elementor-element elementor-element-58eb714 e-con-full e-flex e-con e-child\" data-id=\"58eb714\" data-element_type=\"container\" data-settings=\"{&quot;background_background&quot;:&quot;classic&quot;}\">\n\t\t<div class=\"elementor-element elementor-element-c50dd74 e-con-full e-flex e-con e-child\" data-id=\"c50dd74\" data-element_type=\"container\">\n\t\t<div class=\"elementor-element elementor-element-5250099 e-con-full e-flex e-con e-child\" data-id=\"5250099\" data-element_type=\"container\" data-settings=\"{&quot;background_background&quot;:&quot;classic&quot;}\">\n\t\t\t\t<div class=\"elementor-element elementor-element-1d29151 elementor-widget elementor-widget-heading\" data-id=\"1d29151\" data-element_type=\"widget\" data-widget_type=\"heading.default\">\n\t\t\t\t\t<h2 class=\"elementor-heading-title elementor-size-default\">Qualificati\nInvestitori<\/h2>\t\t\t\t<\/div>\n\t\t\t\t<\/div>\n\t\t\t\t<div class=\"elementor-element elementor-element-19c5f4a elementor-widget elementor-widget-text-editor\" data-id=\"19c5f4a\" data-element_type=\"widget\" data-widget_type=\"text-editor.default\">\n\t\t\t\t\t\t\t\t\t<p>Un circolo per personalit\u00e0 che non cercano solo contatti: connessioni selettive, conoscenze strategiche e una rete che privilegia la fiducia. Per tutti coloro che vogliono crescere insieme e plasmare attivamente il futuro.<\/p>\t\t\t\t\t\t\t\t<\/div>\n\t\t\t\t<\/div>\n\t\t\t\t<div class=\"elementor-element elementor-element-5df1add elementor-align-justify elementor-widget elementor-widget-button\" data-id=\"5df1add\" data-element_type=\"widget\" data-widget_type=\"button.default\">\n\t\t\t\t\t\t\t\t\t\t<a class=\"elementor-button elementor-button-link elementor-size-sm\" href=\"https:\/\/swissfamilyclub.com\/login\/qualifizierte-mitglieder\" target=\"_blank\">\n\t\t\t\t\t\t<span class=\"elementor-button-content-wrapper\">\n\t\t\t\t\t\t\t\t\t<span class=\"elementor-button-text\">Accesso per gli investitori qualificati<\/span>\n\t\t\t\t\t<\/span>\n\t\t\t\t\t<\/a>\n\t\t\t\t\t\t\t\t<\/div>\n\t\t\t\t<\/div>\n\t\t<div class=\"elementor-element elementor-element-6e8a108 e-con-full e-flex e-con e-child\" data-id=\"6e8a108\" data-element_type=\"container\" data-settings=\"{&quot;background_background&quot;:&quot;classic&quot;}\">\n\t\t<div class=\"elementor-element elementor-element-8c4ab7b e-con-full e-flex e-con e-child\" data-id=\"8c4ab7b\" data-element_type=\"container\">\n\t\t<div class=\"elementor-element elementor-element-08f1f7d e-con-full e-flex e-con e-child\" data-id=\"08f1f7d\" data-element_type=\"container\" data-settings=\"{&quot;background_background&quot;:&quot;classic&quot;}\">\n\t\t\t\t<div class=\"elementor-element elementor-element-bac5827 elementor-widget elementor-widget-heading\" data-id=\"bac5827\" data-element_type=\"widget\" data-widget_type=\"heading.default\">\n\t\t\t\t\t<h2 class=\"elementor-heading-title elementor-size-default\">Istituzionale\nInvestitori<\/h2>\t\t\t\t<\/div>\n\t\t\t\t<\/div>\n\t\t\t\t<div class=\"elementor-element elementor-element-ad5e1a3 elementor-widget elementor-widget-text-editor\" data-id=\"ad5e1a3\" data-element_type=\"widget\" data-widget_type=\"text-editor.default\">\n\t\t\t\t\t\t\t\t\t<p>Per gli investitori istituzionali, i fondi pensione, i family office e le fondazioni che non vogliono solo gestire, ma anche plasmare attivamente il futuro. Chi pensa in termini di generazioni e cerca connessioni con la sostanza trover\u00e0 accesso a una rete che fornisce orientamento e apre prospettive.<\/p>\t\t\t\t\t\t\t\t<\/div>\n\t\t\t\t<\/div>\n\t\t\t\t<div class=\"elementor-element elementor-element-84ff0f2 elementor-align-justify elementor-widget elementor-widget-button\" data-id=\"84ff0f2\" data-element_type=\"widget\" data-widget_type=\"button.default\">\n\t\t\t\t\t\t\t\t\t\t<a class=\"elementor-button elementor-button-link elementor-size-sm\" href=\"https:\/\/swissfamilyclub.com\/login\/institutionelle\" target=\"_blank\">\n\t\t\t\t\t\t<span class=\"elementor-button-content-wrapper\">\n\t\t\t\t\t\t\t\t\t<span class=\"elementor-button-text\">Accesso per i clienti istituzionali <\/span>\n\t\t\t\t\t<\/span>\n\t\t\t\t\t<\/a>\n\t\t\t\t\t\t\t\t<\/div>\n\t\t\t\t<\/div>\n\t\t\t\t<\/div>\n\t\t\t\t<div class=\"elementor-element elementor-element-c49187e elementor-widget elementor-widget-text-editor\" data-id=\"c49187e\" data-element_type=\"widget\" data-widget_type=\"text-editor.default\">\n\t\t\t\t\t\t\t\t\t<p>Non siete ancora membri? Inizia subito la pre-qualificazione<\/p>\t\t\t\t\t\t\t\t<\/div>\n\t\t\t\t<div class=\"elementor-element elementor-element-b82501a elementor-align-justify elementor-widget elementor-widget-button\" data-id=\"b82501a\" data-element_type=\"widget\" data-widget_type=\"button.default\">\n\t\t\t\t\t\t\t\t\t\t<a class=\"elementor-button elementor-button-link elementor-size-sm\" href=\"https:\/\/swissfamilyclub.com\/vorqualifizierung\" target=\"_blank\">\n\t\t\t\t\t\t<span class=\"elementor-button-content-wrapper\">\n\t\t\t\t\t\t\t\t\t<span class=\"elementor-button-text\">Avvio della pre-qualificazione<\/span>\n\t\t\t\t\t<\/span>\n\t\t\t\t\t<\/a>\n\t\t\t\t\t\t\t\t<\/div>\n\t\t\t\t<\/div>\n\t\t<div class=\"elementor-element elementor-element-1173ee8 e-con-full e-flex e-con e-child\" data-id=\"1173ee8\" data-element_type=\"container\" data-settings=\"{&quot;position&quot;:&quot;absolute&quot;}\">\n\t\t<div class=\"elementor-element elementor-element-5315829 e-con-full liquid-glass e-flex e-con e-child\" data-id=\"5315829\" data-element_type=\"container\" data-settings=\"{&quot;background_background&quot;:&quot;classic&quot;}\">\n\t\t<div class=\"elementor-element elementor-element-2d8e06d liquid-glass--bend e-con-full e-flex e-con e-child\" data-id=\"2d8e06d\" data-element_type=\"container\" data-settings=\"{&quot;position&quot;:&quot;absolute&quot;}\">\n\t\t\t\t<\/div>\n\t\t<div class=\"elementor-element elementor-element-5712a65 liquid-glass--face e-con-full e-flex e-con e-child\" data-id=\"5712a65\" data-element_type=\"container\" data-settings=\"{&quot;position&quot;:&quot;absolute&quot;}\">\n\t\t\t\t<\/div>\n\t\t<div class=\"elementor-element elementor-element-427aea7 liquid-glass--edge e-con-full e-flex e-con e-child\" data-id=\"427aea7\" data-element_type=\"container\" data-settings=\"{&quot;position&quot;:&quot;absolute&quot;}\">\n\t\t\t\t<\/div>\n\t\t\t\t<\/div>\n\t\t<div class=\"elementor-element elementor-element-402b50a e-con-full e-flex e-con e-child\" data-id=\"402b50a\" data-element_type=\"container\" data-settings=\"{&quot;background_background&quot;:&quot;classic&quot;}\">\n\t\t\t\t<\/div>\n\t\t\t\t<\/div>\n\t\t\t\t<\/div>\n\t\t\t\t<\/div>","protected":false},"excerpt":{"rendered":"<p>Zugang zu den Swiss Family Investors Clubs Unternehmen F\u00fcr Unternehmen, die nicht nur wachsen, sondern sich nachhaltig positionieren wollen. Der Industries Club verbindet Unternehmer, baut Br\u00fccken in neue M\u00e4rkte und schafft ein Umfeld, in dem gemeinsame St\u00e4rke zu neuen M\u00f6glichkeiten f\u00fchrt. Zum Login f\u00fcr den Industries Club Qualifizierte Investoren Ein Kreis f\u00fcr Pers\u00f6nlichkeiten, die mehr [&hellip;]<\/p>\n","protected":false},"author":1,"featured_media":0,"parent":0,"menu_order":0,"comment_status":"closed","ping_status":"closed","template":"","meta":{"iawp_total_views":148,"footnotes":""},"class_list":["post-826","page","type-page","status-publish","hentry"],"yoast_head":"<!-- This site is optimized with the Yoast SEO plugin v25.9 - https:\/\/yoast.com\/wordpress\/plugins\/seo\/ -->\n<title>Login - Swiss Family Relations<\/title>\n<meta name=\"robots\" content=\"index, follow, max-snippet:-1, max-image-preview:large, max-video-preview:-1\" \/>\n<link rel=\"canonical\" href=\"https:\/\/swissfamilyrelations.com\/it\/login\/\" \/>\n<meta property=\"og:locale\" content=\"it_IT\" \/>\n<meta property=\"og:type\" content=\"article\" \/>\n<meta property=\"og:title\" content=\"Login - Swiss Family Relations\" \/>\n<meta property=\"og:description\" content=\"Zugang zu den Swiss Family Investors Clubs Unternehmen F\u00fcr Unternehmen, die nicht nur wachsen, sondern sich nachhaltig positionieren wollen. Der Industries Club verbindet Unternehmer, baut Br\u00fccken in neue M\u00e4rkte und schafft ein Umfeld, in dem gemeinsame St\u00e4rke zu neuen M\u00f6glichkeiten f\u00fchrt. Zum Login f\u00fcr den Industries Club Qualifizierte Investoren Ein Kreis f\u00fcr Pers\u00f6nlichkeiten, die mehr [&hellip;]\" \/>\n<meta property=\"og:url\" content=\"https:\/\/swissfamilyrelations.com\/it\/login\/\" \/>\n<meta property=\"og:site_name\" content=\"Swiss Family Relations\" \/>\n<meta property=\"article:modified_time\" content=\"2026-01-12T14:23:52+00:00\" \/>\n<meta name=\"twitter:card\" content=\"summary_large_image\" \/>\n<meta name=\"twitter:label1\" content=\"Tempo di lettura stimato\" \/>\n\t<meta name=\"twitter:data1\" content=\"1 minuto\" \/>\n<script type=\"application\/ld+json\" class=\"yoast-schema-graph\">{\"@context\":\"https:\/\/schema.org\",\"@graph\":[{\"@type\":\"WebPage\",\"@id\":\"https:\/\/swissfamilyrelations.com\/login\/\",\"url\":\"https:\/\/swissfamilyrelations.com\/login\/\",\"name\":\"Login - Swiss Family Relations\",\"isPartOf\":{\"@id\":\"https:\/\/swissfamilyrelations.com\/#website\"},\"datePublished\":\"2025-10-23T10:40:54+00:00\",\"dateModified\":\"2026-01-12T14:23:52+00:00\",\"breadcrumb\":{\"@id\":\"https:\/\/swissfamilyrelations.com\/login\/#breadcrumb\"},\"inLanguage\":\"it-IT\",\"potentialAction\":[{\"@type\":\"ReadAction\",\"target\":[\"https:\/\/swissfamilyrelations.com\/login\/\"]}]},{\"@type\":\"BreadcrumbList\",\"@id\":\"https:\/\/swissfamilyrelations.com\/login\/#breadcrumb\",\"itemListElement\":[{\"@type\":\"ListItem\",\"position\":1,\"name\":\"Startseite\",\"item\":\"https:\/\/swissfamilyrelations.com\/\"},{\"@type\":\"ListItem\",\"position\":2,\"name\":\"Login\"}]},{\"@type\":\"WebSite\",\"@id\":\"https:\/\/swissfamilyrelations.com\/#website\",\"url\":\"https:\/\/swissfamilyrelations.com\/\",\"name\":\"Swiss Family Relations\",\"description\":\"\",\"potentialAction\":[{\"@type\":\"SearchAction\",\"target\":{\"@type\":\"EntryPoint\",\"urlTemplate\":\"https:\/\/swissfamilyrelations.com\/?s={search_term_string}\"},\"query-input\":{\"@type\":\"PropertyValueSpecification\",\"valueRequired\":true,\"valueName\":\"search_term_string\"}}],\"inLanguage\":\"it-IT\"}]}<\/script>\n<!-- \/ Yoast SEO plugin. -->","yoast_head_json":{"title":"Login - Swiss Family Relations","robots":{"index":"index","follow":"follow","max-snippet":"max-snippet:-1","max-image-preview":"max-image-preview:large","max-video-preview":"max-video-preview:-1"},"canonical":"https:\/\/swissfamilyrelations.com\/it\/login\/","og_locale":"it_IT","og_type":"article","og_title":"Login - Swiss Family Relations","og_description":"Zugang zu den Swiss Family Investors Clubs Unternehmen F\u00fcr Unternehmen, die nicht nur wachsen, sondern sich nachhaltig positionieren wollen. Der Industries Club verbindet Unternehmer, baut Br\u00fccken in neue M\u00e4rkte und schafft ein Umfeld, in dem gemeinsame St\u00e4rke zu neuen M\u00f6glichkeiten f\u00fchrt. Zum Login f\u00fcr den Industries Club Qualifizierte Investoren Ein Kreis f\u00fcr Pers\u00f6nlichkeiten, die mehr [&hellip;]","og_url":"https:\/\/swissfamilyrelations.com\/it\/login\/","og_site_name":"Swiss Family Relations","article_modified_time":"2026-01-12T14:23:52+00:00","twitter_card":"summary_large_image","twitter_misc":{"Tempo di lettura stimato":"1 minuto"},"schema":{"@context":"https:\/\/schema.org","@graph":[{"@type":"WebPage","@id":"https:\/\/swissfamilyrelations.com\/login\/","url":"https:\/\/swissfamilyrelations.com\/login\/","name":"Login - Swiss Family Relations","isPartOf":{"@id":"https:\/\/swissfamilyrelations.com\/#website"},"datePublished":"2025-10-23T10:40:54+00:00","dateModified":"2026-01-12T14:23:52+00:00","breadcrumb":{"@id":"https:\/\/swissfamilyrelations.com\/login\/#breadcrumb"},"inLanguage":"it-IT","potentialAction":[{"@type":"ReadAction","target":["https:\/\/swissfamilyrelations.com\/login\/"]}]},{"@type":"BreadcrumbList","@id":"https:\/\/swissfamilyrelations.com\/login\/#breadcrumb","itemListElement":[{"@type":"ListItem","position":1,"name":"Startseite","item":"https:\/\/swissfamilyrelations.com\/"},{"@type":"ListItem","position":2,"name":"Login"}]},{"@type":"WebSite","@id":"https:\/\/swissfamilyrelations.com\/#website","url":"https:\/\/swissfamilyrelations.com\/","name":"Relazioni familiari svizzere","description":"","potentialAction":[{"@type":"SearchAction","target":{"@type":"EntryPoint","urlTemplate":"https:\/\/swissfamilyrelations.com\/?s={search_term_string}"},"query-input":{"@type":"PropertyValueSpecification","valueRequired":true,"valueName":"search_term_string"}}],"inLanguage":"it-IT"}]}},"_links":{"self":[{"href":"https:\/\/swissfamilyrelations.com\/it\/wp-json\/wp\/v2\/pages\/826","targetHints":{"allow":["GET"]}}],"collection":[{"href":"https:\/\/swissfamilyrelations.com\/it\/wp-json\/wp\/v2\/pages"}],"about":[{"href":"https:\/\/swissfamilyrelations.com\/it\/wp-json\/wp\/v2\/types\/page"}],"author":[{"embeddable":true,"href":"https:\/\/swissfamilyrelations.com\/it\/wp-json\/wp\/v2\/users\/1"}],"replies":[{"embeddable":true,"href":"https:\/\/swissfamilyrelations.com\/it\/wp-json\/wp\/v2\/comments?post=826"}],"version-history":[{"count":0,"href":"https:\/\/swissfamilyrelations.com\/it\/wp-json\/wp\/v2\/pages\/826\/revisions"}],"wp:attachment":[{"href":"https:\/\/swissfamilyrelations.com\/it\/wp-json\/wp\/v2\/media?parent=826"}],"curies":[{"name":"wp","href":"https:\/\/api.w.org\/{rel}","templated":true}]}}