{"id":949,"date":"2025-12-11T13:29:20","date_gmt":"2025-12-11T13:29:20","guid":{"rendered":"https:\/\/swissfamilyrelations.com\/cookie-richtlinie-eu\/"},"modified":"2025-12-11T13:55:04","modified_gmt":"2025-12-11T13:55:04","slug":"cookie-richtlinie-eu","status":"publish","type":"page","link":"https:\/\/swissfamilyrelations.com\/hu\/cookie-richtlinie-eu\/","title":{"rendered":"Cookie-ir\u00e1nyelv (EU)"},"content":{"rendered":"<div data-elementor-type=\"wp-page\" data-elementor-id=\"949\" class=\"elementor elementor-949\" data-elementor-post-type=\"page\">\n\t\t\t\t<div class=\"elementor-element elementor-element-58d5874 e-con-full e-flex e-con e-child\" data-id=\"58d5874\" data-element_type=\"container\" data-settings=\"{&quot;background_background&quot;:&quot;classic&quot;}\">\n\t\t<div class=\"elementor-element elementor-element-22c8595 e-con-full elementor-hidden-tablet elementor-hidden-mobile e-flex e-con e-child\" data-id=\"22c8595\" data-element_type=\"container\" data-settings=\"{&quot;background_background&quot;:&quot;classic&quot;,&quot;position&quot;:&quot;absolute&quot;}\">\n\t\t\t\t<\/div>\n\t\t<div class=\"elementor-element elementor-element-b978ed8 e-con-full e-flex e-con e-child\" data-id=\"b978ed8\" data-element_type=\"container\">\n\t\t\t\t<div class=\"elementor-element elementor-element-06058f3 elementor-widget elementor-widget-heading\" data-id=\"06058f3\" data-element_type=\"widget\" data-widget_type=\"heading.default\">\n\t\t\t\t\t<h1 class=\"elementor-heading-title elementor-size-default\">Cookie-ir\u00e1nyelv (EU)<\/h1>\t\t\t\t<\/div>\n\t\t\t\t<div class=\"elementor-element elementor-element-db10f4c elementor-widget-divider--view-line elementor-widget elementor-widget-divider\" data-id=\"db10f4c\" data-element_type=\"widget\" data-widget_type=\"divider.default\">\n\t\t\t\t\t\t\t<div class=\"elementor-divider\">\n\t\t\t<span class=\"elementor-divider-separator\">\n\t\t\t\t\t\t<\/span>\n\t\t<\/div>\n\t\t\t\t\t\t<\/div>\n\t\t\t\t<\/div>\n\t\t\t\t<\/div>\n\t\t<div class=\"elementor-element elementor-element-a024326 e-con-full e-flex e-con e-parent\" data-id=\"a024326\" data-element_type=\"container\" data-settings=\"{&quot;background_background&quot;:&quot;classic&quot;}\">\n\t\t<div class=\"elementor-element elementor-element-6156c81 e-con-full e-flex e-con e-child\" data-id=\"6156c81\" data-element_type=\"container\" data-settings=\"{&quot;background_background&quot;:&quot;classic&quot;}\">\n\t\t\t\t<div class=\"elementor-element elementor-element-795111d2 elementor-widget elementor-widget-shortcode\" data-id=\"795111d2\" data-element_type=\"widget\" data-widget_type=\"shortcode.default\">\n\t\t\t\t\t\t\t<div class=\"elementor-shortcode\">\n<!-- Legal document generated by Complianz | GDPR\/CCPA Cookie Consent https:\/\/wordpress.org\/plugins\/complianz-gdpr -->\n<div id=\"cmplz-document\" class=\"cmplz-document cookie-statement cmplz-document-eu\"><p><i>This Cookie Policy was last updated on janu\u00e1r 12, 2026 and applies to citizens and legal permanent residents of the European Economic Area and Switzerland.<\/i><br><\/p><h2>1. bevezet\u00e9s<\/h2><p>Honlapunk, <a href=\"https:\/\/swissfamilyrelations.com\/hu\">https:\/\/swissfamilyrelations.com\/hu<\/a> (a tov\u00e1bbiakban: \"a weboldal\") cookie-kat \u00e9s m\u00e1s kapcsol\u00f3d\u00f3 technol\u00f3gi\u00e1kat haszn\u00e1l (az egyszer\u0171s\u00e9g kedv\u00e9\u00e9rt minden technol\u00f3gi\u00e1ra \"cookie-k\u00e9nt\" hivatkozunk). Az \u00e1ltalunk megb\u00edzott harmadik felek is elhelyeznek s\u00fctiket. Az al\u00e1bbi dokumentumban t\u00e1j\u00e9koztatjuk \u00d6nt a cookie-k weboldalunkon t\u00f6rt\u00e9n\u0151 haszn\u00e1lat\u00e1r\u00f3l.<\/p><h2>2. Mik azok a s\u00fctik?<\/h2><p>A s\u00fcti egy kis egyszer\u0171 f\u00e1jl, amelyet a weboldal oldalaihoz k\u00fcld\u00fcnk, \u00e9s amelyet az \u00d6n b\u00f6ng\u00e9sz\u0151je az \u00d6n sz\u00e1m\u00edt\u00f3g\u00e9p\u00e9nek vagy m\u00e1s eszk\u00f6z\u00e9nek merevlemez\u00e9n t\u00e1rol. A benne t\u00e1rolt inform\u00e1ci\u00f3k egy k\u00e9s\u0151bbi l\u00e1togat\u00e1s sor\u00e1n visszak\u00fcldhet\u0151k a mi szervereinkre vagy az \u00e9rintett harmadik felek szervereire.<\/p><h2>3. Mik azok a szkriptek?<\/h2><p>A szkript egy olyan programk\u00f3d, amelyet a weboldalunk megfelel\u0151 \u00e9s interakt\u00edv m\u0171k\u00f6d\u00e9s\u00e9hez haszn\u00e1lunk. Ez a k\u00f3d a szerver\u00fcnk\u00f6n vagy az \u00d6n eszk\u00f6z\u00e9n ker\u00fcl v\u00e9grehajt\u00e1sra.<\/p><h2>4 Mi az a webjelz\u0151?<\/h2><p>A web beacon (vagy pixel tag) egy kis, l\u00e1thatatlan sz\u00f6veg vagy k\u00e9p egy weboldalon, amelyet a weboldal forgalm\u00e1nak nyomon k\u00f6vet\u00e9s\u00e9re haszn\u00e1lnak. Ennek \u00e9rdek\u00e9ben a webjelz\u0151k seg\u00edts\u00e9g\u00e9vel k\u00fcl\u00f6nb\u00f6z\u0151 adatokat t\u00e1rolnak \u00d6nr\u0151l.<\/p><h2>5. s\u00fctik<\/h2><p class=\"cmplz-subtitle\">5.1 Technikai vagy funkcion\u00e1lis s\u00fctik<\/p><p>Egyes s\u00fctik biztos\u00edtj\u00e1k, hogy a weboldal bizonyos r\u00e9szei megfelel\u0151en m\u0171k\u00f6djenek, \u00e9s hogy az \u00d6n felhaszn\u00e1l\u00f3i be\u00e1ll\u00edt\u00e1sai ismertek maradjanak. A funkcion\u00e1lis s\u00fctik elhelyez\u00e9s\u00e9vel megk\u00f6nny\u00edtj\u00fck \u00d6nnek a weboldalunk l\u00e1togat\u00e1s\u00e1t. \u00cdgy nem kell t\u00f6bbsz\u00f6r ugyanazokat az adatokat megadnia, amikor megl\u00e1togatja weboldalunkat, \u00e9s p\u00e9ld\u00e1ul a t\u00e9telek a fizet\u00e9sig a kos\u00e1rban maradnak. Ezeket a cookie-kat az \u00d6n hozz\u00e1j\u00e1rul\u00e1sa n\u00e9lk\u00fcl is elhelyezhetj\u00fck.<\/p><p class=\"cmplz-subtitle\">5.2 Marketing\/k\u00f6vet\u00e9si s\u00fctik<\/p><p>A marketing\/k\u00f6vet\u0151 s\u00fctik olyan s\u00fctik vagy a helyi t\u00e1rol\u00e1s b\u00e1rmely m\u00e1s form\u00e1ja, amelyeket arra haszn\u00e1lnak, hogy felhaszn\u00e1l\u00f3i profilokat hozzanak l\u00e9tre rekl\u00e1mok megjelen\u00edt\u00e9s\u00e9hez, vagy hogy nyomon k\u00f6vess\u00e9k a felhaszn\u00e1l\u00f3t ezen a weboldalon vagy t\u00f6bb weboldalon kereszt\u00fcl hasonl\u00f3 marketingc\u00e9lokb\u00f3l.<\/p><h2>6. elhelyezett s\u00fctik<\/h2><div id=\"cmplz-cookies-overview\"><details class=\"cmplz-dropdown cmplz-service-desc cmplz-dropdown-cookiepolicy\">\n\t<summary class=\"cmplz-service-header\"><div>\n\t\t<h3>Elementor<\/h3>\n\t\t<p>Purpose pending investigation<\/p>\n\t\t<label for=\"cmplz_service_elementor\" class=\"cmplz_consent_per_service_label\"><span class=\"screen-reader-text\">Consent to service elementor<\/span><\/label>\n\t\t<input type=\"checkbox\" id=\"cmplz_service_elementor\" class=\"cmplz-accept-service cmplz-hidden\" data-service=\"elementor\" data-category=\"functional\"><\/div>\n\t<\/summary>\n\t<div class=\"cmplz-service-description\">\n\t\t<h4>Usage<\/h4>\n\t\t<p>We use Elementor for content creation. <a target=\"_blank\" rel=\"noopener noreferrer nofollow\" href=\"https:\/\/cookiedatabase.org\/service\/elementor\/\">Read more<\/a><\/p>\n\t<\/div>\n\t<div class=\"cmplz-sharing-data\">\n\t\t<h4>Sharing data<\/h4>\n\t\t<p>This data is not shared with third parties.<\/p>\n\t<\/div>\n\t<div class=\"cookies-per-purpose\">\n    <div class=\"purpose\"><h4>Purpose pending investigation<\/h4><\/div>\n    <div class=\"name-header\">\n\t<h5>N\u00e9v<\/h5>\n<\/div>\n<div class=\"name\"><a target=\"_blank\" rel=\"noopener noreferrer nofollow\" href=\"https:\/\/cookiedatabase.org\/cookie\/elementor\/elementor\/\">elementor<\/a><\/div>\n<div class=\"retention-header\">\n\t<h5>Lej\u00e1rat<\/h5>\n<\/div>\n<div class=\"retention\"><\/div>\n<div class=\"function-header\">\n\t<h5>Function<\/h5>\n<\/div>\n<div class=\"function\"><\/div>\n\n<\/div>\n<\/details>\n<details class=\"cmplz-dropdown cmplz-service-desc cmplz-dropdown-cookiepolicy\">\n\t<summary class=\"cmplz-service-header\"><div>\n\t\t<h3>WordPress<\/h3>\n\t\t<p>Purpose pending investigation<\/p>\n\t\t<label for=\"cmplz_service_wordpress\" class=\"cmplz_consent_per_service_label\"><span class=\"screen-reader-text\">Consent to service wordpress<\/span><\/label>\n\t\t<input type=\"checkbox\" id=\"cmplz_service_wordpress\" class=\"cmplz-accept-service cmplz-hidden\" data-service=\"wordpress\" data-category=\"functional\"><\/div>\n\t<\/summary>\n\t<div class=\"cmplz-service-description\">\n\t\t<h4>Usage<\/h4>\n\t\t<p>We use WordPress for website development. <a target=\"_blank\" rel=\"noopener noreferrer nofollow\" href=\"https:\/\/cookiedatabase.org\/service\/wordpress\/\">Read more<\/a><\/p>\n\t<\/div>\n\t<div class=\"cmplz-sharing-data\">\n\t\t<h4>Sharing data<\/h4>\n\t\t<p>This data is not shared with third parties.<\/p>\n\t<\/div>\n\t<div class=\"cookies-per-purpose\">\n    <div class=\"purpose\"><h4>Purpose pending investigation<\/h4><\/div>\n    <div class=\"name-header\">\n\t<h5>N\u00e9v<\/h5>\n<\/div>\n<div class=\"name\"><a target=\"_blank\" rel=\"noopener noreferrer nofollow\" href=\"https:\/\/cookiedatabase.org\/cookie\/wordpress\/wpemojisettingssupports\/\">wpEmojiSettingsSupports<\/a><\/div>\n<div class=\"retention-header\">\n\t<h5>Lej\u00e1rat<\/h5>\n<\/div>\n<div class=\"retention\"><\/div>\n<div class=\"function-header\">\n\t<h5>Function<\/h5>\n<\/div>\n<div class=\"function\"><\/div>\n<div class=\"name-header\">\n\t<h5>N\u00e9v<\/h5>\n<\/div>\n<div class=\"name\"><a target=\"_blank\" rel=\"noopener noreferrer nofollow\" href=\"https:\/\/cookiedatabase.org\/cookie\/wordpress\/wordpress_test_cookie\/\">wordpress_test_cookie<\/a><\/div>\n<div class=\"retention-header\">\n\t<h5>Lej\u00e1rat<\/h5>\n<\/div>\n<div class=\"retention\"><\/div>\n<div class=\"function-header\">\n\t<h5>Function<\/h5>\n<\/div>\n<div class=\"function\"><\/div>\n<div class=\"name-header\">\n\t<h5>N\u00e9v<\/h5>\n<\/div>\n<div class=\"name\"><a target=\"_blank\" rel=\"noopener noreferrer nofollow\" href=\"https:\/\/cookiedatabase.org\/cookie\/wordpress\/wordpress_logged_in_\/\">wordpress_logged_in_*<\/a><\/div>\n<div class=\"retention-header\">\n\t<h5>Lej\u00e1rat<\/h5>\n<\/div>\n<div class=\"retention\"><\/div>\n<div class=\"function-header\">\n\t<h5>Function<\/h5>\n<\/div>\n<div class=\"function\"><\/div>\n\n<\/div>\n<\/details>\n<details class=\"cmplz-dropdown cmplz-service-desc cmplz-dropdown-cookiepolicy\">\n\t<summary class=\"cmplz-service-header\"><div>\n\t\t<h3>WordPress<\/h3>\n\t\t<p>Purpose pending investigation<\/p>\n\t\t<label for=\"cmplz_service_wordpress\" class=\"cmplz_consent_per_service_label\"><span class=\"screen-reader-text\">Consent to service wordpress<\/span><\/label>\n\t\t<input type=\"checkbox\" id=\"cmplz_service_wordpress\" class=\"cmplz-accept-service cmplz-hidden\" data-service=\"wordpress\" data-category=\"functional\"><\/div>\n\t<\/summary>\n\t<div class=\"cmplz-service-description\">\n\t\t<h4>Usage<\/h4>\n\t\t<p><\/p>\n\t<\/div>\n\t<div class=\"cmplz-sharing-data\">\n\t\t<h4>Sharing data<\/h4>\n\t\t<p>This data is not shared with third parties.<\/p>\n\t<\/div>\n\t<div class=\"cookies-per-purpose\">\n    <div class=\"purpose\"><h4>Purpose pending investigation<\/h4><\/div>\n    <div class=\"name-header\">\n\t<h5>N\u00e9v<\/h5>\n<\/div>\n<div class=\"name\"><a target=\"_blank\" rel=\"noopener noreferrer nofollow\" href=\"https:\/\/cookiedatabase.org\/cookie\/unknown-service\/wp-settings-time\/\">wp-settings-time-*<\/a><\/div>\n<div class=\"retention-header\">\n\t<h5>Lej\u00e1rat<\/h5>\n<\/div>\n<div class=\"retention\"><\/div>\n<div class=\"function-header\">\n\t<h5>Function<\/h5>\n<\/div>\n<div class=\"function\"><\/div>\n\n<\/div>\n<\/details>\n<details class=\"cmplz-dropdown cmplz-service-desc cmplz-dropdown-cookiepolicy\">\n\t<summary class=\"cmplz-service-header\"><div>\n\t\t<h3>Miscellaneous<\/h3>\n\t\t<p>Purpose pending investigation<\/p>\n\t\t<label for=\"cmplz_service_miscellaneous\" class=\"cmplz_consent_per_service_label\"><span class=\"screen-reader-text\">Consent to service miscellaneous<\/span><\/label>\n\t\t<input type=\"checkbox\" id=\"cmplz_service_miscellaneous\" class=\"cmplz-accept-service cmplz-hidden\" data-service=\"miscellaneous\" data-category=\"functional\"><\/div>\n\t<\/summary>\n\t<div class=\"cmplz-service-description\">\n\t\t<h4>Usage<\/h4>\n\t\t<p><\/p>\n\t<\/div>\n\t<div class=\"cmplz-sharing-data\">\n\t\t<h4>Sharing data<\/h4>\n\t\t<p>Sharing of data is pending investigation<\/p>\n\t<\/div>\n\t<div class=\"cookies-per-purpose\">\n    <div class=\"purpose\"><h4>Purpose pending investigation<\/h4><\/div>\n    <div class=\"name-header\">\n\t<h5>N\u00e9v<\/h5>\n<\/div>\n<div class=\"name\">e_kit-elements-defaults<\/div>\n<div class=\"retention-header\">\n\t<h5>Lej\u00e1rat<\/h5>\n<\/div>\n<div class=\"retention\"><\/div>\n<div class=\"function-header\">\n\t<h5>Function<\/h5>\n<\/div>\n<div class=\"function\"><\/div>\n<div class=\"name-header\">\n\t<h5>N\u00e9v<\/h5>\n<\/div>\n<div class=\"name\">mp_tab_id_mixpanel_150605b3b9f979922f2ac5a52e2dcfe9<\/div>\n<div class=\"retention-header\">\n\t<h5>Lej\u00e1rat<\/h5>\n<\/div>\n<div class=\"retention\"><\/div>\n<div class=\"function-header\">\n\t<h5>Function<\/h5>\n<\/div>\n<div class=\"function\"><\/div>\n<div class=\"name-header\">\n\t<h5>N\u00e9v<\/h5>\n<\/div>\n<div class=\"name\">mp_gen_new_tab_id_mixpanel_150605b3b9f979922f2ac5a52e2dcfe9<\/div>\n<div class=\"retention-header\">\n\t<h5>Lej\u00e1rat<\/h5>\n<\/div>\n<div class=\"retention\"><\/div>\n<div class=\"function-header\">\n\t<h5>Function<\/h5>\n<\/div>\n<div class=\"function\"><\/div>\n<div class=\"name-header\">\n\t<h5>N\u00e9v<\/h5>\n<\/div>\n<div class=\"name\">wp_lang<\/div>\n<div class=\"retention-header\">\n\t<h5>Lej\u00e1rat<\/h5>\n<\/div>\n<div class=\"retention\"><\/div>\n<div class=\"function-header\">\n\t<h5>Function<\/h5>\n<\/div>\n<div class=\"function\"><\/div>\n\n<\/div>\n<\/details>\n<\/div><h2>7. hozz\u00e1j\u00e1rul\u00e1s<\/h2><p>Amikor el\u0151sz\u00f6r l\u00e1togat el a weboldalunkra, egy felugr\u00f3 ablakot jelen\u00edt\u00fcnk meg, amely a s\u00fctikr\u0151l ad magyar\u00e1zatot. Amint a \"Speichern\" gombra kattint, \u00d6n hozz\u00e1j\u00e1rul ahhoz, hogy a felugr\u00f3 ablakban kiv\u00e1lasztott cookie-k \u00e9s b\u0151v\u00edtm\u00e9nyek kateg\u00f3ri\u00e1it a jelen Cookie szab\u00e1lyzatban le\u00edrtak szerint haszn\u00e1ljuk. B\u00f6ng\u00e9sz\u0151j\u00e9n kereszt\u00fcl letilthatja a cookie-k haszn\u00e1lat\u00e1t, de k\u00e9rj\u00fck, vegye figyelembe, hogy ez esetben weboldalunk nem fog megfelel\u0151en m\u0171k\u00f6dni.<\/p><p class=\"cmplz-subtitle\">7.1 A hozz\u00e1j\u00e1rul\u00e1s be\u00e1ll\u00edt\u00e1sainak kezel\u00e9se<\/p><div id=\"cmplz-manage-consent-container-nojavascript\">You have loaded the Cookie Policy without javascript support.&nbsp;On AMP, you can use the manage consent button on the bottom of the page.<\/div><div id=\"cmplz-manage-consent-container\" class=\"cmplz-manage-consent-container\"><\/div><h2>8. a s\u00fctik enged\u00e9lyez\u00e9se\/tilt\u00e1sa \u00e9s t\u00f6rl\u00e9se<\/h2><p>Az internetes b\u00f6ng\u00e9sz\u0151je seg\u00edts\u00e9g\u00e9vel automatikusan vagy manu\u00e1lisan t\u00f6r\u00f6lheti a s\u00fctiket. Azt is megadhatja, hogy bizonyos s\u00fctik ne ker\u00fcljenek elhelyez\u00e9sre. Egy m\u00e1sik lehet\u0151s\u00e9g, hogy megv\u00e1ltoztatja az internetb\u00f6ng\u00e9sz\u0151 be\u00e1ll\u00edt\u00e1sait, hogy minden egyes cookie elhelyez\u00e9sekor \u00fczenetet kapjon. Az ezekkel a lehet\u0151s\u00e9gekkel kapcsolatos tov\u00e1bbi inform\u00e1ci\u00f3k\u00e9rt k\u00e9rj\u00fck, olvassa el a b\u00f6ng\u00e9sz\u0151je s\u00fag\u00f3j\u00e1ban tal\u00e1lhat\u00f3 utas\u00edt\u00e1sokat.<\/p><p>Felh\u00edvjuk figyelm\u00e9t, hogy weboldalunk nem m\u0171k\u00f6dik megfelel\u0151en, ha az \u00f6sszes cookie-t letiltja. Ha t\u00f6rli a cookie-kat a b\u00f6ng\u00e9sz\u0151j\u00e9b\u0151l, akkor azok az \u00d6n beleegyez\u00e9s\u00e9t k\u00f6vet\u0151en \u00fajra elhelyez\u00e9sre ker\u00fclnek, amikor \u00fajra megl\u00e1togatja weboldalunkat.<\/p><h2>9. az \u00d6n szem\u00e9lyes adatokkal kapcsolatos jogai<\/h2><p>Szem\u00e9lyes adatai tekintet\u00e9ben a k\u00f6vetkez\u0151 jogokkal rendelkezik:<\/p><ul>\n                    <li>\u00d6nnek joga van tudni, hogy mi\u00e9rt van sz\u00fcks\u00e9g az \u00d6n szem\u00e9lyes adataira, mi t\u00f6rt\u00e9nik azokkal, \u00e9s mennyi ideig t\u00e1rolj\u00e1k azokat.<\/li>\n                    <li>Hozz\u00e1f\u00e9r\u00e9si jog: \u00d6nnek joga van hozz\u00e1f\u00e9rni az \u00d6n \u00e1ltalunk ismert szem\u00e9lyes adataihoz.<\/li>\n                    <li>Helyesb\u00edt\u00e9shez val\u00f3 jog: \u00d6n b\u00e1rmikor jogosult szem\u00e9lyes adatait kieg\u00e9sz\u00edteni, helyesb\u00edteni, t\u00f6r\u00f6lni vagy z\u00e1rolni.<\/li>\n                    <li>Ha \u00d6n hozz\u00e1j\u00e1rul\u00e1s\u00e1t adta az adatai feldolgoz\u00e1s\u00e1hoz, joga van a hozz\u00e1j\u00e1rul\u00e1s visszavon\u00e1s\u00e1hoz \u00e9s szem\u00e9lyes adatainak t\u00f6rl\u00e9s\u00e9hez.<\/li>\n                    <li>Az adattov\u00e1bb\u00edt\u00e1shoz val\u00f3 jog: \u00d6n jogosult arra, hogy az adatkezel\u0151t\u0151l k\u00e9rje az \u00f6sszes szem\u00e9lyes adat\u00e1t, \u00e9s azokat teljes eg\u00e9sz\u00e9ben tov\u00e1bb\u00edtsa egy m\u00e1sik adatkezel\u0151nek.<\/li>\n                    <li>Tiltakoz\u00e1shoz val\u00f3 jog: \u00d6n tiltakozhat adatai feldolgoz\u00e1sa ellen. Ennek eleget tesz\u00fcnk, kiv\u00e9ve, ha az adatkezel\u00e9snek indokolt okai vannak.<\/li>\n                <\/ul><p>Ezen jogok gyakorl\u00e1s\u00e1hoz k\u00e9rj\u00fck, l\u00e9pjen kapcsolatba vel\u00fcnk. K\u00e9rj\u00fck, olvassa el a jelen Cookie-szab\u00e1lyzat alj\u00e1n tal\u00e1lhat\u00f3 el\u00e9rhet\u0151s\u00e9geket. Ha panasza van azzal kapcsolatban, hogy hogyan kezelj\u00fck az adatait, sz\u00edvesen meghallgatjuk, de joga van panaszt tenni a fel\u00fcgyeleti hat\u00f3s\u00e1gn\u00e1l (az Adatv\u00e9delmi Hat\u00f3s\u00e1gn\u00e1l) is.<\/p><h2>10. el\u00e9rhet\u0151s\u00e9gek<\/h2><p>A Cookie-szab\u00e1lyzatunkkal \u00e9s a jelen nyilatkozattal kapcsolatos k\u00e9rd\u00e9sekkel \u00e9s\/vagy megjegyz\u00e9sekkel kapcsolatban k\u00e9rj\u00fck, l\u00e9pjen kapcsolatba vel\u00fcnk az al\u00e1bbi el\u00e9rhet\u0151s\u00e9geken:<\/p><p><span class=\"cmplz-contact-organisation\">Swiss Family Relations AG<\/span><br>\n                      <span class=\"cmplz-contact-address\">8032 Z\u00fcrich<br \/>\nZeltweg 11<\/span><br>\n                      <span class=\"cmplz-contact-country\">Sv\u00e1jc<\/span><br>\n                    Weboldal: <span class=\"cmplz-contact-domain\"><a href=\"https:\/\/swissfamilyrelations.com\/hu\">https:\/\/swissfamilyrelations.com\/hu<\/a><\/span><br>\n                    E-mail: <span class=\"cmplz-contact-email\"><span class=\"cmplz-obfuscate\">&#105;nfo@<span class=\"cmplz-fmail-domain\">ex.&#099;om<\/span>&#115;&#119;&#105;s&#115;f&#097;m&#105;&#108;&#121;r&#101;l&#097;&#116;i&#111;&#110;s&#046;c&#111;m<\/span><\/span><br>\n                    <span class=\"cmplz-contact-telephone\">Telefonsz\u00e1m: +41442561607<\/span><\/p><p>Ez a Cookie szab\u00e1lyzat szinkroniz\u00e1l\u00e1sra ker\u00fclt a <a href=\"https:\/\/cookiedatabase.org\/\" target=\"_blank\">cookiedatabase.org<\/a> on \u00e1prilis 15, 2026.<\/p><\/div><\/div>\n\t\t\t\t\t\t<\/div>\n\t\t\t\t<\/div>\n\t\t\t\t<\/div>\n\t\t\t\t<\/div>","protected":false},"excerpt":{"rendered":"<p>Cookie-ir\u00e1nyelv (EU)<\/p>","protected":false},"author":1,"featured_media":0,"parent":0,"menu_order":0,"comment_status":"closed","ping_status":"closed","template":"","meta":{"iawp_total_views":4,"footnotes":""},"class_list":["post-949","page","type-page","status-publish","hentry"],"yoast_head":"<!-- This site is optimized with the Yoast SEO plugin v25.9 - https:\/\/yoast.com\/wordpress\/plugins\/seo\/ -->\n<title>Cookie-Richtlinie (EU) - Swiss Family Relations<\/title>\n<meta name=\"robots\" content=\"index, follow, max-snippet:-1, max-image-preview:large, max-video-preview:-1\" \/>\n<link rel=\"canonical\" href=\"https:\/\/swissfamilyrelations.com\/hu\/cookie-richtlinie-eu\/\" \/>\n<meta property=\"og:locale\" content=\"hu_HU\" \/>\n<meta property=\"og:type\" content=\"article\" \/>\n<meta property=\"og:title\" content=\"Cookie-Richtlinie (EU) - Swiss Family Relations\" \/>\n<meta property=\"og:description\" content=\"Cookie-Richtlinie (EU)\" \/>\n<meta property=\"og:url\" content=\"https:\/\/swissfamilyrelations.com\/hu\/cookie-richtlinie-eu\/\" \/>\n<meta property=\"og:site_name\" content=\"Swiss Family Relations\" \/>\n<meta property=\"article:modified_time\" content=\"2025-12-11T13:55:04+00:00\" \/>\n<meta name=\"twitter:card\" content=\"summary_large_image\" \/>\n<meta name=\"twitter:label1\" content=\"Becs\u00fclt olvas\u00e1si id\u0151\" \/>\n\t<meta name=\"twitter:data1\" content=\"6 perc\" \/>\n<script type=\"application\/ld+json\" class=\"yoast-schema-graph\">{\"@context\":\"https:\/\/schema.org\",\"@graph\":[{\"@type\":\"WebPage\",\"@id\":\"https:\/\/swissfamilyrelations.com\/cookie-richtlinie-eu\/\",\"url\":\"https:\/\/swissfamilyrelations.com\/cookie-richtlinie-eu\/\",\"name\":\"Cookie-Richtlinie (EU) - Swiss Family Relations\",\"isPartOf\":{\"@id\":\"https:\/\/swissfamilyrelations.com\/#website\"},\"datePublished\":\"2025-12-11T13:29:20+00:00\",\"dateModified\":\"2025-12-11T13:55:04+00:00\",\"breadcrumb\":{\"@id\":\"https:\/\/swissfamilyrelations.com\/cookie-richtlinie-eu\/#breadcrumb\"},\"inLanguage\":\"hu\",\"potentialAction\":[{\"@type\":\"ReadAction\",\"target\":[\"https:\/\/swissfamilyrelations.com\/cookie-richtlinie-eu\/\"]}]},{\"@type\":\"BreadcrumbList\",\"@id\":\"https:\/\/swissfamilyrelations.com\/cookie-richtlinie-eu\/#breadcrumb\",\"itemListElement\":[{\"@type\":\"ListItem\",\"position\":1,\"name\":\"Startseite\",\"item\":\"https:\/\/swissfamilyrelations.com\/\"},{\"@type\":\"ListItem\",\"position\":2,\"name\":\"Cookie-Richtlinie (EU)\"}]},{\"@type\":\"WebSite\",\"@id\":\"https:\/\/swissfamilyrelations.com\/#website\",\"url\":\"https:\/\/swissfamilyrelations.com\/\",\"name\":\"Swiss Family Relations\",\"description\":\"\",\"potentialAction\":[{\"@type\":\"SearchAction\",\"target\":{\"@type\":\"EntryPoint\",\"urlTemplate\":\"https:\/\/swissfamilyrelations.com\/?s={search_term_string}\"},\"query-input\":{\"@type\":\"PropertyValueSpecification\",\"valueRequired\":true,\"valueName\":\"search_term_string\"}}],\"inLanguage\":\"hu\"}]}<\/script>\n<!-- \/ Yoast SEO plugin. -->","yoast_head_json":{"title":"Cookie-Richtlinie (EU) - Swiss Family Relations","robots":{"index":"index","follow":"follow","max-snippet":"max-snippet:-1","max-image-preview":"max-image-preview:large","max-video-preview":"max-video-preview:-1"},"canonical":"https:\/\/swissfamilyrelations.com\/hu\/cookie-richtlinie-eu\/","og_locale":"hu_HU","og_type":"article","og_title":"Cookie-Richtlinie (EU) - Swiss Family Relations","og_description":"Cookie-Richtlinie (EU)","og_url":"https:\/\/swissfamilyrelations.com\/hu\/cookie-richtlinie-eu\/","og_site_name":"Swiss Family Relations","article_modified_time":"2025-12-11T13:55:04+00:00","twitter_card":"summary_large_image","twitter_misc":{"Becs\u00fclt olvas\u00e1si id\u0151":"6 perc"},"schema":{"@context":"https:\/\/schema.org","@graph":[{"@type":"WebPage","@id":"https:\/\/swissfamilyrelations.com\/cookie-richtlinie-eu\/","url":"https:\/\/swissfamilyrelations.com\/cookie-richtlinie-eu\/","name":"Cookie-Richtlinie (EU) - Swiss Family Relations","isPartOf":{"@id":"https:\/\/swissfamilyrelations.com\/#website"},"datePublished":"2025-12-11T13:29:20+00:00","dateModified":"2025-12-11T13:55:04+00:00","breadcrumb":{"@id":"https:\/\/swissfamilyrelations.com\/cookie-richtlinie-eu\/#breadcrumb"},"inLanguage":"hu","potentialAction":[{"@type":"ReadAction","target":["https:\/\/swissfamilyrelations.com\/cookie-richtlinie-eu\/"]}]},{"@type":"BreadcrumbList","@id":"https:\/\/swissfamilyrelations.com\/cookie-richtlinie-eu\/#breadcrumb","itemListElement":[{"@type":"ListItem","position":1,"name":"Startseite","item":"https:\/\/swissfamilyrelations.com\/"},{"@type":"ListItem","position":2,"name":"Cookie-Richtlinie (EU)"}]},{"@type":"WebSite","@id":"https:\/\/swissfamilyrelations.com\/#website","url":"https:\/\/swissfamilyrelations.com\/","name":"Sv\u00e1jci csal\u00e1di kapcsolatok","description":"","potentialAction":[{"@type":"SearchAction","target":{"@type":"EntryPoint","urlTemplate":"https:\/\/swissfamilyrelations.com\/?s={search_term_string}"},"query-input":{"@type":"PropertyValueSpecification","valueRequired":true,"valueName":"search_term_string"}}],"inLanguage":"hu"}]}},"_links":{"self":[{"href":"https:\/\/swissfamilyrelations.com\/hu\/wp-json\/wp\/v2\/pages\/949","targetHints":{"allow":["GET"]}}],"collection":[{"href":"https:\/\/swissfamilyrelations.com\/hu\/wp-json\/wp\/v2\/pages"}],"about":[{"href":"https:\/\/swissfamilyrelations.com\/hu\/wp-json\/wp\/v2\/types\/page"}],"author":[{"embeddable":true,"href":"https:\/\/swissfamilyrelations.com\/hu\/wp-json\/wp\/v2\/users\/1"}],"replies":[{"embeddable":true,"href":"https:\/\/swissfamilyrelations.com\/hu\/wp-json\/wp\/v2\/comments?post=949"}],"version-history":[{"count":0,"href":"https:\/\/swissfamilyrelations.com\/hu\/wp-json\/wp\/v2\/pages\/949\/revisions"}],"wp:attachment":[{"href":"https:\/\/swissfamilyrelations.com\/hu\/wp-json\/wp\/v2\/media?parent=949"}],"curies":[{"name":"wp","href":"https:\/\/api.w.org\/{rel}","templated":true}]}}