{"id":148,"date":"2025-09-18T08:34:27","date_gmt":"2025-09-18T08:34:27","guid":{"rendered":"https:\/\/swissfamilyrelations.com\/?page_id=148"},"modified":"2026-01-12T14:13:44","modified_gmt":"2026-01-12T14:13:44","slug":"kontakt","status":"publish","type":"page","link":"https:\/\/swissfamilyrelations.com\/hu\/kontakt\/","title":{"rendered":"Kapcsolatfelv\u00e9tel"},"content":{"rendered":"<div data-elementor-type=\"wp-page\" data-elementor-id=\"148\" class=\"elementor elementor-148\" data-elementor-post-type=\"page\">\n\t\t\t\t<div class=\"elementor-element elementor-element-bcb4d33 e-con-full e-flex e-con e-child\" data-id=\"bcb4d33\" data-element_type=\"container\" data-settings=\"{&quot;background_background&quot;:&quot;classic&quot;}\">\n\t\t<div class=\"elementor-element elementor-element-680c396 e-con-full elementor-hidden-tablet elementor-hidden-mobile e-flex e-con e-child\" data-id=\"680c396\" data-element_type=\"container\" data-settings=\"{&quot;background_background&quot;:&quot;classic&quot;,&quot;position&quot;:&quot;absolute&quot;}\">\n\t\t\t\t<\/div>\n\t\t<div class=\"elementor-element elementor-element-b359d8c e-con-full e-flex e-con e-child\" data-id=\"b359d8c\" data-element_type=\"container\">\n\t\t\t\t<div class=\"elementor-element elementor-element-735e835 elementor-widget elementor-widget-heading\" data-id=\"735e835\" data-element_type=\"widget\" data-widget_type=\"heading.default\">\n\t\t\t\t\t<h2 class=\"elementor-heading-title elementor-size-default\">Kapcsolatfelv\u00e9tel<\/h2>\t\t\t\t<\/div>\n\t\t\t\t<div class=\"elementor-element elementor-element-f2ed5c6 elementor-widget elementor-widget-heading\" data-id=\"f2ed5c6\" data-element_type=\"widget\" data-widget_type=\"heading.default\">\n\t\t\t\t\t<h2 class=\"elementor-heading-title elementor-size-default\">Az els\u0151 l\u00e9p\u00e9s egym\u00e1s megismer\u00e9s\u00e9vel kezd\u0151dik.<\/h2>\t\t\t\t<\/div>\n\t\t\t\t<div class=\"elementor-element elementor-element-f627e8e elementor-widget-divider--view-line elementor-widget elementor-widget-divider\" data-id=\"f627e8e\" data-element_type=\"widget\" data-widget_type=\"divider.default\">\n\t\t\t\t\t\t\t<div class=\"elementor-divider\">\n\t\t\t<span class=\"elementor-divider-separator\">\n\t\t\t\t\t\t<\/span>\n\t\t<\/div>\n\t\t\t\t\t\t<\/div>\n\t\t\t\t<\/div>\n\t\t\t\t<\/div>\n\t\t<div class=\"elementor-element elementor-element-aebddef e-con-full mrkt_root_container e-flex e-con e-parent\" data-id=\"aebddef\" data-element_type=\"container\" data-settings=\"{&quot;background_background&quot;:&quot;classic&quot;}\">\n\t\t<div class=\"elementor-element elementor-element-18f6292 e-con-full e-flex e-con e-child\" data-id=\"18f6292\" data-element_type=\"container\" data-settings=\"{&quot;background_background&quot;:&quot;classic&quot;}\">\n\t\t\t\t<\/div>\n\t\t<div class=\"elementor-element elementor-element-0cc9fb5 e-con-full e-flex e-con e-child\" data-id=\"0cc9fb5\" data-element_type=\"container\">\n\t\t\t\t<div class=\"elementor-element elementor-element-12df234 elementor-widget elementor-widget-heading\" data-id=\"12df234\" data-element_type=\"widget\" data-widget_type=\"heading.default\">\n\t\t\t\t\t<p class=\"elementor-heading-title elementor-size-default\">Az \u00d6n k\u00e9r\u00e9se<\/p>\t\t\t\t<\/div>\n\t\t\t\t<div class=\"elementor-element elementor-element-1602e01 elementor-widget elementor-widget-heading\" data-id=\"1602e01\" data-element_type=\"widget\" data-widget_type=\"heading.default\">\n\t\t\t\t\t<h2 class=\"elementor-heading-title elementor-size-default\">A kapcsolatok a kapcsolat r\u00e9v\u00e9n alakulnak ki<\/h2>\t\t\t\t<\/div>\n\t\t\t\t<div class=\"elementor-element elementor-element-f879b7f elementor-widget-divider--view-line elementor-widget elementor-widget-divider\" data-id=\"f879b7f\" data-element_type=\"widget\" data-widget_type=\"divider.default\">\n\t\t\t\t\t\t\t<div class=\"elementor-divider\">\n\t\t\t<span class=\"elementor-divider-separator\">\n\t\t\t\t\t\t<\/span>\n\t\t<\/div>\n\t\t\t\t\t\t<\/div>\n\t\t<div class=\"elementor-element elementor-element-c4ee661 e-con-full e-flex e-con e-child\" data-id=\"c4ee661\" data-element_type=\"container\">\n\t\t\t\t<div class=\"elementor-element elementor-element-a3e3321 elementor-widget elementor-widget-text-editor\" data-id=\"a3e3321\" data-element_type=\"widget\" data-widget_type=\"text-editor.default\">\n\t\t\t\t\t\t\t\t\t<p>\u00d6r\u00f6mmel seg\u00edt\u00fcnk \u00d6nnek a megkeres\u00e9s\u00e9ben. K\u00e9rd\u00e9se van a Befektet\u0151i Klubbal kapcsolatban, vagy t\u00e1mogat\u00e1sra van sz\u00fcks\u00e9ge a strat\u00e9gi\u00e1val \u00e9s a n\u00f6veked\u00e9ssel kapcsolatban? A Swiss Family Relations AG sz\u00edvesen ad \u00d6nnek tan\u00e1csot \u00e9s seg\u00edts\u00e9get.<\/p>\t\t\t\t\t\t\t\t<\/div>\n\t\t\t\t<div class=\"elementor-element elementor-element-ae8f7e0 elementor-align-left elementor-widget elementor-widget-button\" data-id=\"ae8f7e0\" data-element_type=\"widget\" data-widget_type=\"button.default\">\n\t\t\t\t\t\t\t\t\t\t<a class=\"elementor-button elementor-button-link elementor-size-sm\" href=\"mailto:info@swissfamilyrelations.com\">\n\t\t\t\t\t\t<span class=\"elementor-button-content-wrapper\">\n\t\t\t\t\t\t\t\t\t<span class=\"elementor-button-text\">Kapcsolatfelv\u00e9tel<\/span>\n\t\t\t\t\t<\/span>\n\t\t\t\t\t<\/a>\n\t\t\t\t\t\t\t\t<\/div>\n\t\t\t\t<\/div>\n\t\t\t\t<\/div>\n\t\t<div class=\"elementor-element elementor-element-1c17199 e-con-full e-flex e-con e-child\" data-id=\"1c17199\" data-element_type=\"container\" data-settings=\"{&quot;background_background&quot;:&quot;classic&quot;}\">\n\t\t\t\t<div class=\"elementor-element elementor-element-fe642cf elementor-widget elementor-widget-heading\" data-id=\"fe642cf\" data-element_type=\"widget\" data-widget_type=\"heading.default\">\n\t\t\t\t\t<h2 class=\"elementor-heading-title elementor-size-default\">H\u00e1l\u00f3zat<\/h2>\t\t\t\t<\/div>\n\t\t\t\t<div class=\"elementor-element elementor-element-5627e7e elementor-widget elementor-widget-heading\" data-id=\"5627e7e\" data-element_type=\"widget\" data-widget_type=\"heading.default\">\n\t\t\t\t\t<h3 class=\"elementor-heading-title elementor-size-default\">Strat\u00e9gia<\/h3>\t\t\t\t<\/div>\n\t\t\t\t<div class=\"elementor-element elementor-element-0e132a0 elementor-widget elementor-widget-heading\" data-id=\"0e132a0\" data-element_type=\"widget\" data-widget_type=\"heading.default\">\n\t\t\t\t\t<h2 class=\"elementor-heading-title elementor-size-default\">F\u0151v\u00e1ros<\/h2>\t\t\t\t<\/div>\n\t\t\t\t<\/div>\n\t\t\t\t<\/div>\n\t\t<div class=\"elementor-element elementor-element-66461ad e-con-full e-flex e-con e-parent\" data-id=\"66461ad\" data-element_type=\"container\">\n\t\t\t\t<\/div>\n\t\t\t\t<\/div>","protected":false},"excerpt":{"rendered":"<p>Kontakt Der erste Schritt beginnt mit einem Kennenlernen Ihr Anliegen Durch Kontakt entstehen Beziehungen Gerne stehen wir f\u00fcr Ihr Anliegen zur Verf\u00fcgung. Haben Sie Fragen zum Investors Club, ben\u00f6tigen Sie Unterst\u00fctzung in Strategie und Wachstum? Die Swiss Family Relations AG steht Ihnen gerne mit Rat und Tat zur Seite. Kontakt aufnehmen Netzwerk Strategie Kapital<\/p>","protected":false},"author":1,"featured_media":0,"parent":0,"menu_order":0,"comment_status":"closed","ping_status":"closed","template":"","meta":{"iawp_total_views":321,"footnotes":""},"class_list":["post-148","page","type-page","status-publish","hentry"],"yoast_head":"<!-- This site is optimized with the Yoast SEO plugin v25.9 - https:\/\/yoast.com\/wordpress\/plugins\/seo\/ -->\n<title>Kontakt - Swiss Family Relations<\/title>\n<meta name=\"robots\" content=\"index, follow, max-snippet:-1, max-image-preview:large, max-video-preview:-1\" \/>\n<link rel=\"canonical\" href=\"https:\/\/swissfamilyrelations.com\/hu\/kontakt\/\" \/>\n<meta property=\"og:locale\" content=\"hu_HU\" \/>\n<meta property=\"og:type\" content=\"article\" \/>\n<meta property=\"og:title\" content=\"Kontakt - Swiss Family Relations\" \/>\n<meta property=\"og:description\" content=\"Kontakt Der erste Schritt beginnt mit einem Kennenlernen Ihr Anliegen Durch Kontakt entstehen Beziehungen Gerne stehen wir f\u00fcr Ihr Anliegen zur Verf\u00fcgung. Haben Sie Fragen zum Investors Club, ben\u00f6tigen Sie Unterst\u00fctzung in Strategie und Wachstum? Die Swiss Family Relations AG steht Ihnen gerne mit Rat und Tat zur Seite. Kontakt aufnehmen Netzwerk Strategie Kapital\" \/>\n<meta property=\"og:url\" content=\"https:\/\/swissfamilyrelations.com\/hu\/kontakt\/\" \/>\n<meta property=\"og:site_name\" content=\"Swiss Family Relations\" \/>\n<meta property=\"article:modified_time\" content=\"2026-01-12T14:13:44+00:00\" \/>\n<meta name=\"twitter:card\" content=\"summary_large_image\" \/>\n<meta name=\"twitter:label1\" content=\"Becs\u00fclt olvas\u00e1si id\u0151\" \/>\n\t<meta name=\"twitter:data1\" content=\"1 perc\" \/>\n<script type=\"application\/ld+json\" class=\"yoast-schema-graph\">{\"@context\":\"https:\/\/schema.org\",\"@graph\":[{\"@type\":\"WebPage\",\"@id\":\"https:\/\/swissfamilyrelations.com\/kontakt\/\",\"url\":\"https:\/\/swissfamilyrelations.com\/kontakt\/\",\"name\":\"Kontakt - Swiss Family Relations\",\"isPartOf\":{\"@id\":\"https:\/\/swissfamilyrelations.com\/#website\"},\"datePublished\":\"2025-09-18T08:34:27+00:00\",\"dateModified\":\"2026-01-12T14:13:44+00:00\",\"breadcrumb\":{\"@id\":\"https:\/\/swissfamilyrelations.com\/kontakt\/#breadcrumb\"},\"inLanguage\":\"hu\",\"potentialAction\":[{\"@type\":\"ReadAction\",\"target\":[\"https:\/\/swissfamilyrelations.com\/kontakt\/\"]}]},{\"@type\":\"BreadcrumbList\",\"@id\":\"https:\/\/swissfamilyrelations.com\/kontakt\/#breadcrumb\",\"itemListElement\":[{\"@type\":\"ListItem\",\"position\":1,\"name\":\"Startseite\",\"item\":\"https:\/\/swissfamilyrelations.com\/\"},{\"@type\":\"ListItem\",\"position\":2,\"name\":\"Kontakt\"}]},{\"@type\":\"WebSite\",\"@id\":\"https:\/\/swissfamilyrelations.com\/#website\",\"url\":\"https:\/\/swissfamilyrelations.com\/\",\"name\":\"Swiss Family Relations\",\"description\":\"\",\"potentialAction\":[{\"@type\":\"SearchAction\",\"target\":{\"@type\":\"EntryPoint\",\"urlTemplate\":\"https:\/\/swissfamilyrelations.com\/?s={search_term_string}\"},\"query-input\":{\"@type\":\"PropertyValueSpecification\",\"valueRequired\":true,\"valueName\":\"search_term_string\"}}],\"inLanguage\":\"hu\"}]}<\/script>\n<!-- \/ Yoast SEO plugin. -->","yoast_head_json":{"title":"Kontakt - Swiss Family Relations","robots":{"index":"index","follow":"follow","max-snippet":"max-snippet:-1","max-image-preview":"max-image-preview:large","max-video-preview":"max-video-preview:-1"},"canonical":"https:\/\/swissfamilyrelations.com\/hu\/kontakt\/","og_locale":"hu_HU","og_type":"article","og_title":"Kontakt - Swiss Family Relations","og_description":"Kontakt Der erste Schritt beginnt mit einem Kennenlernen Ihr Anliegen Durch Kontakt entstehen Beziehungen Gerne stehen wir f\u00fcr Ihr Anliegen zur Verf\u00fcgung. Haben Sie Fragen zum Investors Club, ben\u00f6tigen Sie Unterst\u00fctzung in Strategie und Wachstum? Die Swiss Family Relations AG steht Ihnen gerne mit Rat und Tat zur Seite. Kontakt aufnehmen Netzwerk Strategie Kapital","og_url":"https:\/\/swissfamilyrelations.com\/hu\/kontakt\/","og_site_name":"Swiss Family Relations","article_modified_time":"2026-01-12T14:13:44+00:00","twitter_card":"summary_large_image","twitter_misc":{"Becs\u00fclt olvas\u00e1si id\u0151":"1 perc"},"schema":{"@context":"https:\/\/schema.org","@graph":[{"@type":"WebPage","@id":"https:\/\/swissfamilyrelations.com\/kontakt\/","url":"https:\/\/swissfamilyrelations.com\/kontakt\/","name":"Kontakt - Swiss Family Relations","isPartOf":{"@id":"https:\/\/swissfamilyrelations.com\/#website"},"datePublished":"2025-09-18T08:34:27+00:00","dateModified":"2026-01-12T14:13:44+00:00","breadcrumb":{"@id":"https:\/\/swissfamilyrelations.com\/kontakt\/#breadcrumb"},"inLanguage":"hu","potentialAction":[{"@type":"ReadAction","target":["https:\/\/swissfamilyrelations.com\/kontakt\/"]}]},{"@type":"BreadcrumbList","@id":"https:\/\/swissfamilyrelations.com\/kontakt\/#breadcrumb","itemListElement":[{"@type":"ListItem","position":1,"name":"Startseite","item":"https:\/\/swissfamilyrelations.com\/"},{"@type":"ListItem","position":2,"name":"Kontakt"}]},{"@type":"WebSite","@id":"https:\/\/swissfamilyrelations.com\/#website","url":"https:\/\/swissfamilyrelations.com\/","name":"Sv\u00e1jci csal\u00e1di kapcsolatok","description":"","potentialAction":[{"@type":"SearchAction","target":{"@type":"EntryPoint","urlTemplate":"https:\/\/swissfamilyrelations.com\/?s={search_term_string}"},"query-input":{"@type":"PropertyValueSpecification","valueRequired":true,"valueName":"search_term_string"}}],"inLanguage":"hu"}]}},"_links":{"self":[{"href":"https:\/\/swissfamilyrelations.com\/hu\/wp-json\/wp\/v2\/pages\/148","targetHints":{"allow":["GET"]}}],"collection":[{"href":"https:\/\/swissfamilyrelations.com\/hu\/wp-json\/wp\/v2\/pages"}],"about":[{"href":"https:\/\/swissfamilyrelations.com\/hu\/wp-json\/wp\/v2\/types\/page"}],"author":[{"embeddable":true,"href":"https:\/\/swissfamilyrelations.com\/hu\/wp-json\/wp\/v2\/users\/1"}],"replies":[{"embeddable":true,"href":"https:\/\/swissfamilyrelations.com\/hu\/wp-json\/wp\/v2\/comments?post=148"}],"version-history":[{"count":0,"href":"https:\/\/swissfamilyrelations.com\/hu\/wp-json\/wp\/v2\/pages\/148\/revisions"}],"wp:attachment":[{"href":"https:\/\/swissfamilyrelations.com\/hu\/wp-json\/wp\/v2\/media?parent=148"}],"curies":[{"name":"wp","href":"https:\/\/api.w.org\/{rel}","templated":true}]}}