{"id":902,"date":"2025-12-09T07:49:18","date_gmt":"2025-12-09T07:49:18","guid":{"rendered":"https:\/\/swissfamilyrelations.com\/?page_id=902"},"modified":"2026-01-12T14:53:44","modified_gmt":"2026-01-12T14:53:44","slug":"impressum","status":"publish","type":"page","link":"https:\/\/swissfamilyrelations.com\/cs\/impressum\/","title":{"rendered":"Otisk"},"content":{"rendered":"<div data-elementor-type=\"wp-page\" data-elementor-id=\"902\" class=\"elementor elementor-902\" data-elementor-post-type=\"page\">\n\t\t\t\t<div class=\"elementor-element elementor-element-bae2890 e-con-full e-flex e-con e-child\" data-id=\"bae2890\" data-element_type=\"container\" data-settings=\"{&quot;background_background&quot;:&quot;classic&quot;}\">\n\t\t<div class=\"elementor-element elementor-element-808d2ad e-con-full elementor-hidden-tablet elementor-hidden-mobile e-flex e-con e-child\" data-id=\"808d2ad\" data-element_type=\"container\" data-settings=\"{&quot;background_background&quot;:&quot;classic&quot;,&quot;position&quot;:&quot;absolute&quot;}\">\n\t\t\t\t<\/div>\n\t\t<div class=\"elementor-element elementor-element-e80d63a e-con-full e-flex e-con e-child\" data-id=\"e80d63a\" data-element_type=\"container\">\n\t\t\t\t<div class=\"elementor-element elementor-element-429ad86 elementor-widget elementor-widget-heading\" data-id=\"429ad86\" data-element_type=\"widget\" data-widget_type=\"heading.default\">\n\t\t\t\t\t<h2 class=\"elementor-heading-title elementor-size-default\">Otisk<\/h2>\t\t\t\t<\/div>\n\t\t\t\t<div class=\"elementor-element elementor-element-cca35c2 elementor-widget-divider--view-line elementor-widget elementor-widget-divider\" data-id=\"cca35c2\" data-element_type=\"widget\" data-widget_type=\"divider.default\">\n\t\t\t\t\t\t\t<div class=\"elementor-divider\">\n\t\t\t<span class=\"elementor-divider-separator\">\n\t\t\t\t\t\t<\/span>\n\t\t<\/div>\n\t\t\t\t\t\t<\/div>\n\t\t\t\t<\/div>\n\t\t\t\t<\/div>\n\t\t<div class=\"elementor-element elementor-element-8578f11 e-con-full e-flex e-con e-parent\" data-id=\"8578f11\" data-element_type=\"container\" data-settings=\"{&quot;background_background&quot;:&quot;classic&quot;}\">\n\t\t<div class=\"elementor-element elementor-element-f68839f e-con-full e-flex e-con e-child\" data-id=\"f68839f\" data-element_type=\"container\" data-settings=\"{&quot;background_background&quot;:&quot;classic&quot;}\">\n\t\t\t\t<div class=\"elementor-element elementor-element-e857940 elementor-widget elementor-widget-heading\" data-id=\"e857940\" data-element_type=\"widget\" data-widget_type=\"heading.default\">\n\t\t\t\t\t<span class=\"elementor-heading-title elementor-size-default\">Swiss Family Relations AG\n<\/span>\t\t\t\t<\/div>\n\t\t\t\t<div class=\"elementor-element elementor-element-a029f42 elementor-widget elementor-widget-heading\" data-id=\"a029f42\" data-element_type=\"widget\" data-widget_type=\"heading.default\">\n\t\t\t\t\t<span class=\"elementor-heading-title elementor-size-default\">8032 Zurich, Zeltweg 11, \u0160v\u00fdcarsko<\/span>\t\t\t\t<\/div>\n\t\t\t\t<div class=\"elementor-element elementor-element-657a6df elementor-widget elementor-widget-heading\" data-id=\"657a6df\" data-element_type=\"widget\" data-widget_type=\"heading.default\">\n\t\t\t\t\t<span class=\"elementor-heading-title elementor-size-default\"><a href=\"mailto:info@swissfamilyrelations.com\">E-mail: info@swissfamilyrelations.com<\/a><\/span>\t\t\t\t<\/div>\n\t\t\t\t<div class=\"elementor-element elementor-element-0aca119 elementor-widget elementor-widget-heading\" data-id=\"0aca119\" data-element_type=\"widget\" data-widget_type=\"heading.default\">\n\t\t\t\t\t<span class=\"elementor-heading-title elementor-size-default\"><a href=\"tel:+41442561607\">Telefonn\u00ed \u010d\u00edslo: +41 44 256 16 07<\/a><\/span>\t\t\t\t<\/div>\n\t\t\t\t<div class=\"elementor-element elementor-element-3e8d02f elementor-widget elementor-widget-heading\" data-id=\"3e8d02f\" data-element_type=\"widget\" data-widget_type=\"heading.default\">\n\t\t\t\t\t<span class=\"elementor-heading-title elementor-size-default\">Sdru\u017een\u00ed zastupuje spr\u00e1vn\u00ed rada (pravidlo zastupov\u00e1n\u00ed podle stanov: kolektivn\u00ed podpis ve dvou).<\/span>\t\t\t\t<\/div>\n\t\t\t\t<div class=\"elementor-element elementor-element-fd2a3c7 elementor-widget elementor-widget-heading\" data-id=\"fd2a3c7\" data-element_type=\"widget\" data-widget_type=\"heading.default\">\n\t\t\t\t\t<span class=\"elementor-heading-title elementor-size-default\">Zapsan\u00e1 v obchodn\u00edm rejst\u0159\u00edku kantonu Curych<\/span>\t\t\t\t<\/div>\n\t\t\t\t<div class=\"elementor-element elementor-element-bd8643b elementor-widget elementor-widget-heading\" data-id=\"bd8643b\" data-element_type=\"widget\" data-widget_type=\"heading.default\">\n\t\t\t\t\t<span class=\"elementor-heading-title elementor-size-default\">Registra\u010dn\u00ed \u010d\u00edslo UID: CHE-393.475.875<\/span>\t\t\t\t<\/div>\n\t\t\t\t<div class=\"elementor-element elementor-element-e4bbf0a elementor-widget elementor-widget-heading\" data-id=\"e4bbf0a\" data-element_type=\"widget\" data-widget_type=\"heading.default\">\n\t\t\t\t\t<span class=\"elementor-heading-title elementor-size-default\"><a href=\"\/cs\/datenschutz\/\">Ochrana \u00fadaj\u016f<\/a><\/span>\t\t\t\t<\/div>\n\t\t\t\t<\/div>\n\t\t\t\t<\/div>\n\t\t\t\t<\/div>","protected":false},"excerpt":{"rendered":"<p>Impressum Swiss Family Relations AG 8032 Z\u00fcrich, Zeltweg 11, Schweiz E-Mail: info@swissfamilyrelations.com Telefonnummer: +41 44 256 16 07 Der Verein wird vertreten durch den Vorstand (Vertretungsregel gem\u00e4ss Statuten: Kollektivunterschrift zu zweien) Eingetragen im Handelsregister des Kantons Z\u00fcrich Registernummer UID: CHE-393.475.875 Zum Datenschutz<\/p>","protected":false},"author":1,"featured_media":0,"parent":0,"menu_order":0,"comment_status":"closed","ping_status":"closed","template":"","meta":{"iawp_total_views":177,"footnotes":""},"class_list":["post-902","page","type-page","status-publish","hentry"],"yoast_head":"<!-- This site is optimized with the Yoast SEO plugin v25.9 - https:\/\/yoast.com\/wordpress\/plugins\/seo\/ -->\n<title>Impressum - Swiss Family Relations<\/title>\n<meta name=\"robots\" content=\"index, follow, max-snippet:-1, max-image-preview:large, max-video-preview:-1\" \/>\n<link rel=\"canonical\" href=\"https:\/\/swissfamilyrelations.com\/cs\/impressum\/\" \/>\n<meta property=\"og:locale\" content=\"cs_CZ\" \/>\n<meta property=\"og:type\" content=\"article\" \/>\n<meta property=\"og:title\" content=\"Impressum - Swiss Family Relations\" \/>\n<meta property=\"og:description\" content=\"Impressum Swiss Family Relations AG 8032 Z\u00fcrich, Zeltweg 11, Schweiz E-Mail: info@swissfamilyrelations.com Telefonnummer: +41 44 256 16 07 Der Verein wird vertreten durch den Vorstand (Vertretungsregel gem\u00e4ss Statuten: Kollektivunterschrift zu zweien) Eingetragen im Handelsregister des Kantons Z\u00fcrich Registernummer UID: CHE-393.475.875 Zum Datenschutz\" \/>\n<meta property=\"og:url\" content=\"https:\/\/swissfamilyrelations.com\/cs\/impressum\/\" \/>\n<meta property=\"og:site_name\" content=\"Swiss Family Relations\" \/>\n<meta property=\"article:modified_time\" content=\"2026-01-12T14:53:44+00:00\" \/>\n<meta name=\"twitter:card\" content=\"summary_large_image\" \/>\n<meta name=\"twitter:label1\" content=\"Odhadovan\u00e1 doba \u010dten\u00ed\" \/>\n\t<meta name=\"twitter:data1\" content=\"1 minuta\" \/>\n<script type=\"application\/ld+json\" class=\"yoast-schema-graph\">{\"@context\":\"https:\/\/schema.org\",\"@graph\":[{\"@type\":\"WebPage\",\"@id\":\"https:\/\/swissfamilyrelations.com\/impressum\/\",\"url\":\"https:\/\/swissfamilyrelations.com\/impressum\/\",\"name\":\"Impressum - Swiss Family Relations\",\"isPartOf\":{\"@id\":\"https:\/\/swissfamilyrelations.com\/#website\"},\"datePublished\":\"2025-12-09T07:49:18+00:00\",\"dateModified\":\"2026-01-12T14:53:44+00:00\",\"breadcrumb\":{\"@id\":\"https:\/\/swissfamilyrelations.com\/impressum\/#breadcrumb\"},\"inLanguage\":\"cs\",\"potentialAction\":[{\"@type\":\"ReadAction\",\"target\":[\"https:\/\/swissfamilyrelations.com\/impressum\/\"]}]},{\"@type\":\"BreadcrumbList\",\"@id\":\"https:\/\/swissfamilyrelations.com\/impressum\/#breadcrumb\",\"itemListElement\":[{\"@type\":\"ListItem\",\"position\":1,\"name\":\"Startseite\",\"item\":\"https:\/\/swissfamilyrelations.com\/\"},{\"@type\":\"ListItem\",\"position\":2,\"name\":\"Impressum\"}]},{\"@type\":\"WebSite\",\"@id\":\"https:\/\/swissfamilyrelations.com\/#website\",\"url\":\"https:\/\/swissfamilyrelations.com\/\",\"name\":\"Swiss Family Relations\",\"description\":\"\",\"potentialAction\":[{\"@type\":\"SearchAction\",\"target\":{\"@type\":\"EntryPoint\",\"urlTemplate\":\"https:\/\/swissfamilyrelations.com\/?s={search_term_string}\"},\"query-input\":{\"@type\":\"PropertyValueSpecification\",\"valueRequired\":true,\"valueName\":\"search_term_string\"}}],\"inLanguage\":\"cs\"}]}<\/script>\n<!-- \/ Yoast SEO plugin. -->","yoast_head_json":{"title":"Impressum - Swiss Family Relations","robots":{"index":"index","follow":"follow","max-snippet":"max-snippet:-1","max-image-preview":"max-image-preview:large","max-video-preview":"max-video-preview:-1"},"canonical":"https:\/\/swissfamilyrelations.com\/cs\/impressum\/","og_locale":"cs_CZ","og_type":"article","og_title":"Impressum - Swiss Family Relations","og_description":"Impressum Swiss Family Relations AG 8032 Z\u00fcrich, Zeltweg 11, Schweiz E-Mail: info@swissfamilyrelations.com Telefonnummer: +41 44 256 16 07 Der Verein wird vertreten durch den Vorstand (Vertretungsregel gem\u00e4ss Statuten: Kollektivunterschrift zu zweien) Eingetragen im Handelsregister des Kantons Z\u00fcrich Registernummer UID: CHE-393.475.875 Zum Datenschutz","og_url":"https:\/\/swissfamilyrelations.com\/cs\/impressum\/","og_site_name":"Swiss Family Relations","article_modified_time":"2026-01-12T14:53:44+00:00","twitter_card":"summary_large_image","twitter_misc":{"Odhadovan\u00e1 doba \u010dten\u00ed":"1 minuta"},"schema":{"@context":"https:\/\/schema.org","@graph":[{"@type":"WebPage","@id":"https:\/\/swissfamilyrelations.com\/impressum\/","url":"https:\/\/swissfamilyrelations.com\/impressum\/","name":"Impressum - Swiss Family Relations","isPartOf":{"@id":"https:\/\/swissfamilyrelations.com\/#website"},"datePublished":"2025-12-09T07:49:18+00:00","dateModified":"2026-01-12T14:53:44+00:00","breadcrumb":{"@id":"https:\/\/swissfamilyrelations.com\/impressum\/#breadcrumb"},"inLanguage":"cs","potentialAction":[{"@type":"ReadAction","target":["https:\/\/swissfamilyrelations.com\/impressum\/"]}]},{"@type":"BreadcrumbList","@id":"https:\/\/swissfamilyrelations.com\/impressum\/#breadcrumb","itemListElement":[{"@type":"ListItem","position":1,"name":"Startseite","item":"https:\/\/swissfamilyrelations.com\/"},{"@type":"ListItem","position":2,"name":"Impressum"}]},{"@type":"WebSite","@id":"https:\/\/swissfamilyrelations.com\/#website","url":"https:\/\/swissfamilyrelations.com\/","name":"Swiss Family Relations","description":"","potentialAction":[{"@type":"SearchAction","target":{"@type":"EntryPoint","urlTemplate":"https:\/\/swissfamilyrelations.com\/?s={search_term_string}"},"query-input":{"@type":"PropertyValueSpecification","valueRequired":true,"valueName":"search_term_string"}}],"inLanguage":"cs"}]}},"_links":{"self":[{"href":"https:\/\/swissfamilyrelations.com\/cs\/wp-json\/wp\/v2\/pages\/902","targetHints":{"allow":["GET"]}}],"collection":[{"href":"https:\/\/swissfamilyrelations.com\/cs\/wp-json\/wp\/v2\/pages"}],"about":[{"href":"https:\/\/swissfamilyrelations.com\/cs\/wp-json\/wp\/v2\/types\/page"}],"author":[{"embeddable":true,"href":"https:\/\/swissfamilyrelations.com\/cs\/wp-json\/wp\/v2\/users\/1"}],"replies":[{"embeddable":true,"href":"https:\/\/swissfamilyrelations.com\/cs\/wp-json\/wp\/v2\/comments?post=902"}],"version-history":[{"count":0,"href":"https:\/\/swissfamilyrelations.com\/cs\/wp-json\/wp\/v2\/pages\/902\/revisions"}],"wp:attachment":[{"href":"https:\/\/swissfamilyrelations.com\/cs\/wp-json\/wp\/v2\/media?parent=902"}],"curies":[{"name":"wp","href":"https:\/\/api.w.org\/{rel}","templated":true}]}}